{"id":966,"date":"2024-09-18T15:20:08","date_gmt":"2024-09-18T13:20:08","guid":{"rendered":"https:\/\/www.albert-schweitzer-schu-le.de\/wp-neu\/?page_id=966"},"modified":"2025-01-13T14:34:47","modified_gmt":"2025-01-13T13:34:47","slug":"satzung","status":"publish","type":"page","link":"https:\/\/www.albert-schweitzer-schu-le.de\/wp-neu\/satzung\/","title":{"rendered":"Satzung"},"content":{"rendered":"\t\t<div data-elementor-type=\"wp-page\" data-elementor-id=\"966\" class=\"elementor elementor-966\" data-elementor-settings=\"{&quot;ha_cmc_init_switcher&quot;:&quot;no&quot;}\">\n\t\t\t\t\t\t<section class=\"elementor-section elementor-top-section elementor-element elementor-element-fc3a666 elementor-section-height-min-height elementor-section-stretched elementor-section-full_width elementor-section-items-top elementor-section-content-top elementor-section-height-default\" data-id=\"fc3a666\" data-element_type=\"section\" data-settings=\"{&quot;stretch_section&quot;:&quot;section-stretched&quot;,&quot;background_background&quot;:&quot;classic&quot;,&quot;_ha_eqh_enable&quot;:false}\">\n\t\t\t\t\t\t\t<div class=\"elementor-background-overlay\"><\/div>\n\t\t\t\t\t\t\t<div class=\"elementor-container elementor-column-gap-default\">\n\t\t\t\t\t<div class=\"elementor-column elementor-col-100 elementor-top-column elementor-element elementor-element-190aa19\" data-id=\"190aa19\" data-element_type=\"column\">\n\t\t\t<div class=\"elementor-widget-wrap elementor-element-populated\">\n\t\t\t\t\t\t<div class=\"elementor-element elementor-element-d667c05 elementor-hidden-mobile ha-has-bg-overlay elementor-widget elementor-widget-heading\" data-id=\"d667c05\" data-element_type=\"widget\" data-widget_type=\"heading.default\">\n\t\t\t\t<div class=\"elementor-widget-container\">\n\t\t\t\t\t<h4 class=\"elementor-heading-title elementor-size-default\">\"Leben erhalten, Leben f\u00f6rdern,\nentwickelbares Leben\nauf seinen h\u00f6chsten Stand bringen.\" <\/h4>\t\t\t\t<\/div>\n\t\t\t\t<\/div>\n\t\t\t\t<div class=\"elementor-element elementor-element-73bac8a ha-has-bg-overlay elementor-widget elementor-widget-text-editor\" data-id=\"73bac8a\" data-element_type=\"widget\" data-widget_type=\"text-editor.default\">\n\t\t\t\t<div class=\"elementor-widget-container\">\n\t\t\t\t\t\t\t\t\t<p style=\"text-align: center;\">Albert Schweitzer<\/p>\t\t\t\t\t\t\t\t<\/div>\n\t\t\t\t<\/div>\n\t\t\t\t\t<\/div>\n\t\t<\/div>\n\t\t\t\t\t<\/div>\n\t\t<\/section>\n\t\t\t\t<section class=\"elementor-section elementor-top-section elementor-element elementor-element-42e23f5 elementor-section-stretched elementor-section-boxed elementor-section-height-default elementor-section-height-default\" data-id=\"42e23f5\" data-element_type=\"section\" data-settings=\"{&quot;stretch_section&quot;:&quot;section-stretched&quot;,&quot;_ha_eqh_enable&quot;:false}\">\n\t\t\t\t\t\t<div class=\"elementor-container elementor-column-gap-default\">\n\t\t\t\t\t<div class=\"elementor-column elementor-col-100 elementor-top-column elementor-element elementor-element-0a24a35\" data-id=\"0a24a35\" data-element_type=\"column\">\n\t\t\t<div class=\"elementor-widget-wrap elementor-element-populated\">\n\t\t\t\t\t\t<div class=\"elementor-element elementor-element-1dedbd8 elementor-widget elementor-widget-heading\" data-id=\"1dedbd8\" data-element_type=\"widget\" data-widget_type=\"heading.default\">\n\t\t\t\t<div class=\"elementor-widget-container\">\n\t\t\t\t\t<h1 class=\"elementor-heading-title elementor-size-default\">Satzung<\/h1>\t\t\t\t<\/div>\n\t\t\t\t<\/div>\n\t\t\t\t<div class=\"elementor-element elementor-element-2652630 elementor-widget elementor-widget-heading\" data-id=\"2652630\" data-element_type=\"widget\" data-widget_type=\"heading.default\">\n\t\t\t\t<div class=\"elementor-widget-container\">\n\t\t\t\t\t<h2 class=\"elementor-heading-title elementor-size-default\">Gemeinn\u00fctziger Verein zur F\u00f6rderung\nk\u00f6rperbehinderter Kinder und Jugendlicher der Albert-Schweitzer-Schule e.V.<\/h2>\t\t\t\t<\/div>\n\t\t\t\t<\/div>\n\t\t\t\t<div class=\"elementor-element elementor-element-c2607cd elementor-widget-divider--view-line elementor-widget elementor-widget-divider\" data-id=\"c2607cd\" data-element_type=\"widget\" data-widget_type=\"divider.default\">\n\t\t\t\t<div class=\"elementor-widget-container\">\n\t\t\t\t\t\t\t<div class=\"elementor-divider\">\n\t\t\t<span class=\"elementor-divider-separator\">\n\t\t\t\t\t\t<\/span>\n\t\t<\/div>\n\t\t\t\t\t\t<\/div>\n\t\t\t\t<\/div>\n\t\t\t\t<div class=\"elementor-element elementor-element-da95b6b elementor-widget elementor-widget-text-editor\" data-id=\"da95b6b\" data-element_type=\"widget\" data-widget_type=\"text-editor.default\">\n\t\t\t\t<div class=\"elementor-widget-container\">\n\t\t\t\t\t\t\t\t\t<p style=\"text-align: center;\"><strong>\u00a71<\/strong><\/p><p>Der Verein f\u00fchrt den Namen \u201eVerein zur F\u00f6rderung k\u00f6rperbehinderter Kinder und Jugendlicher der Allgemein bildenden F\u00f6rderschule f\u00fcr K\u00f6rperbehinderte \u201eAlbert Schweitzer\u201c in Leipzig\u201c.<\/p><p>Nach seiner Eintragung in das Vereinsregister f\u00fchrt er den Zusatz \u201eeingetragener Verein\u201c (e.V.).<\/p><p>\u00a0<\/p><p style=\"text-align: center;\"><strong>\u00a72<\/strong><\/p><p>Der gemeinn\u00fctzige Verein zur F\u00f6rderung k\u00f6rperbehinderter Kinder und Jugendlicher der Albert-Schweitzer-Schule mit Sitz in Leipzig ist selbstlos t\u00e4tig und verfolgt ausschlie\u00dflich und unmittelbar gemeinn\u00fctzige Zwecke im Sinne des Abschnitts \u201eSteuerbeg\u00fcnstigte Zwecke\u201c der Abgabenordnung und nicht in erster Linie eigenwirtschaftliche Zwecke.<\/p><p>\u00a0<\/p><p style=\"text-align: center;\"><strong>\u00a73<\/strong><\/p><p>Zweck des Vereins ist es, die Bildungs- und Erziehungsarbeit an der Albert-Schweitzer-Schule zu unterst\u00fctzen und zu f\u00f6rdern.<\/p><p>Der Satzungszweck wird insbesondere verwirklicht durch Mittelbeschaffung und Weiterleitung der Mittel an die Schule zwecks der Verwendung zur:<\/p><ul><li>Gew\u00e4hrung von Zuwendungen f\u00fcr die Ausstattung der Schule mit Lehr- und Lernmitteln,<\/li><li>Gew\u00e4hrung von Zuwendungen f\u00fcr Bildungsveranstaltungen der Schule, Schulwettbewerbe, Schultheaterauff\u00fchrungen, Schulf\u00f6rderzirkel und Arbeitsgemeinschaften,<\/li><li>\u00dcberlassung von Sachspenden,<\/li><li>F\u00f6rderung der Kommunikation zwischen Rehabilitanden und den an der Rehabilitation Beteiligten sowie soziale und berufliche Beratung,<\/li><li>F\u00f6rderung der Initiativen zur Verbesserung der Integration von Rehabilitanden.<\/li><\/ul><p>\u00a0<\/p><p style=\"text-align: center;\"><strong>\u00a74<\/strong><\/p><p>Mittel des Vereins d\u00fcrfen nur f\u00fcr die satzungsm\u00e4\u00dfigen Zwecke verwendet werden. Die Mitglieder erhalten keine Zuwendungen aus Mitteln des Vereins.<\/p><p>Die zur Erf\u00fcllung seines Zweckes erforderlichen Mittel erwirbt der Verein durch Mitgliederbeitr\u00e4ge und freiwillige Spenden jeglicher Art.<\/p><p>Der Mitgliedsbeitrag sowie au\u00dferordentliche Beitr\u00e4ge werden auf Vorschlag des Vorstandes von der Mitgliederversammlung festgelegt.<\/p><p>\u00a0<\/p><p style=\"text-align: center;\"><strong>\u00a75<\/strong><\/p><p>Es darf keine Person durch Ausgaben, die dem Zweck der K\u00f6rperschaft fremd sind, oder durch unverh\u00e4ltnism\u00e4\u00dfig hohe Verg\u00fctung beg\u00fcnstigt werden.<\/p><p>\u00a0<\/p><p style=\"text-align: center;\"><strong>\u00a76<\/strong><\/p><p>Mitglieder des Vereins sind nat\u00fcrliche und juristische Personen, die ihren Beitritt schriftlich erkl\u00e4rt haben.<\/p><p>\u00dcber die Aufnahme entscheidet der Vorstand.<\/p><p>Gegen eine ablehnende Entscheidung kann innerhalb eines Monats Berufung zur n\u00e4chsten ordentlichen Mitgliederversammlung eingereicht werden.<\/p><p>Die Mitgliedschaft endet durch Tod, Austritt oder Ausschluss.<\/p><p>\u00a0<\/p><p style=\"text-align: center;\"><strong>\u00a77<\/strong><\/p><p>Ein Mitglied kann jederzeit mit einer K\u00fcndigungsfrist von sechs (6) Wochen auf den Schluss des Kalenderjahres durch schriftliche, dem Vorstand gegen\u00fcber abzugebende Erkl\u00e4rung aus dem Verein ausscheiden.<\/p><p>Ein ausgetretenes oder ausgeschlossenes Mitglied hat keinen Anspruch auf einen Anteil am Vereinsverm\u00f6gen.<\/p><p>\u00a0<\/p><p style=\"text-align: center;\"><strong>\u00a78<\/strong><\/p><p>Ein Mitglied kann mit sofortiger Wirkung und ohne vorherige schriftliche Information durch die Mitgliederversammlung mit Zweidrittel-(2\/3)-Mehrheit aus dem Verein ausgeschlossen werden:<\/p><ul><li>wegen Nichterf\u00fcllung satzungsm\u00e4\u00dfiger Verpflichtungen,<\/li><li>wegen Nichtzahlung von Beitr\u00e4gen trotz Mahnung,<\/li><li>wegen schweren Versto\u00dfes gegen die Interessen des Vereins,<\/li><li>wegen unehrenhafter Handlungen.<\/li><\/ul><p>\u00a0<\/p><p style=\"text-align: center;\"><strong>\u00a79<\/strong><\/p><p>Die Organe des Vereins sind die Mitgliederversammlung und der Vorstand.<\/p><p>\u00a0<\/p><p style=\"text-align: center;\"><strong>\u00a710<\/strong><\/p><p>Mitgliederversammlungen werden nach Bedarf (au\u00dferordentlich), jedoch mindestens einmal j\u00e4hrlich zu Beginn des Kalenderjahres (ordentlich) abgehalten.<\/p><p>Sie werden durch den Vorstand einberufen.<\/p><p>Die Einberufung hat schriftlich zu erfolgen mit einer Frist von drei (3) Wochen.<\/p><p>Dabei werden der Tag der Absendung der Einladung und der Tag der Versammlung nicht mitgerechnet.<\/p><p>Eine au\u00dferordentliche Mitgliederversammlung ist innerhalb einer Frist von drei (3) Wochen mit entsprechender Tagesordnung einzuberufen, wenn es der Vorstand oder ein Viertel der stimmberechtigten Mitglieder schriftlich beim Vorsitzenden beantragt hat.<\/p><p>Der Vorsitzende des Vereins oder einer seiner Stellvertreter leiten die Versammlung. Die in der Versammlung gefassten Beschl\u00fcsse sind zu protokollieren und vom Protokollf\u00fchrer zu unterschreiben.<\/p><p>Mit der Einberufung der ordentlichen Mitgliederversammlung ist die Tagesordnung mitzuteilen. Diese muss folgende Punkte enthalten:<\/p><ul><li>Entgegennahme der Berichte;<\/li><li>Kassenbericht und Bericht der Kassenpr\u00fcfer;<\/li><li>Entlastung des Vorstandes;<\/li><li>Wahlen, soweit diese erforderlich sind;<\/li><li>Beschlussfassung \u00fcber vorliegende Antr\u00e4ge.<\/li><\/ul><p>Die Mitgliederversammlung ist ohne R\u00fccksicht auf die Zahl der erschienenen Mitglieder beschlussf\u00e4hig.<\/p><p>Beschl\u00fcsse werden, soweit in der Satzung nicht anders bestimmt, mit einfacher Mehrheit der anwesenden stimmberechtigten Mitglieder gefasst.<\/p><p>Bei Stimmengleichheit gilt der Antrag als abgelehnt.<\/p><p>\u00dcber Antr\u00e4ge, die nicht in der Tagesordnung verzeichnet sind, kann in der Mitgliederversammlung nur abgestimmt werden, wenn diese Antr\u00e4ge mindestens zwei (2) Wochen vor der Versammlung beim Vorsitzenden des Vereins eingegangen sind und den Mitgliedern mindestens eine Woche vorher zur Kenntnis gebracht wurden.<\/p><p>Dringlichkeitsantr\u00e4ge d\u00fcrfen nur behandelt werden, wenn die Mitgliederversammlung mit einer Zweidrittel-(2\/3)-Mehrheit beschlie\u00dft, dass sie als Tagesordnungspunkt aufgenommen werden.<\/p><p>Dem Antrag eines Mitgliedes auf geheime Abstimmung muss entsprochen werden.<\/p><p>\u00a0<\/p><p style=\"text-align: center;\"><strong>\u00a711<\/strong><\/p><p>Eine Satzungs\u00e4nderung bedarf in jedem Fall einer Zweidrittel-(2\/3)-Mehrheit der anwesenden Mitglieder.<\/p><p>Eine Satzungs\u00e4nderung ist unzul\u00e4ssig, soweit dadurch die Gemeinn\u00fctzigkeit des Vereinszweckes gef\u00e4hrdet w\u00fcrde.<\/p><p>Ein Dringlichkeitsantrag auf Satzungs\u00e4nderung bedarf der Einstimmigkeit.<\/p><p>\u00a0<\/p><p style=\"text-align: center;\"><strong>\u00a712<\/strong><\/p><p>Der Vorstand besteht aus dem Vorsitzenden, dem ersten und zweiten Gesch\u00e4ftsf\u00fchrer und dem Kassenwart.<\/p><p>Dem Vorstand obliegt die Vereinsverwaltung.<\/p><p>Er vertritt den Verein gerichtlich und au\u00dfergerichtlich, mindestens durch zwei Mitglieder gemeinschaftlich.<\/p><p>Im Innenverh\u00e4ltnis zum Verein wird bei Verhinderung des Vorsitzenden der Gesamtvorstand t\u00e4tig.<\/p><p>Zu den Vorstandssitzungen l\u00e4dt der Vorsitzende oder im Verhinderungsfall der Gesch\u00e4ftsf\u00fchrer mit einer Frist von mindestens einer Woche ein.<\/p><p>Zu den Vorstandssitzungen k\u00f6nnen entsprechend der Tagesordnung G\u00e4ste geladen werden.<\/p><p>Die Vorstandssitzungen sind \u00f6ffentlich.<\/p><p>Der Vorstand ist beschlussf\u00e4hig, wenn mindestens drei Mitglieder anwesend sind.<\/p><p>Er fasst seine Beschl\u00fcsse mit einfacher Mehrheit. Bei Stimmengleichheit gibt die Stimme des Vorsitzenden den Ausschlag.<\/p><p>Die Haftung der Mitglieder des Vorstandes ist auf Vorsatz beschr\u00e4nkt.<\/p><p>F\u00fcr etwaige Sch\u00e4den, die auf Fahrl\u00e4ssigkeit beruhen, wird nicht gehaftet, \u00a7 42 BGB bleibt unber\u00fchrt.<\/p><p>\u00a0<\/p><p style=\"text-align: center;\"><strong>\u00a713<\/strong><\/p><p>Die Mitglieder des Vorstandes werden f\u00fcr die Dauer von zwei (2) Jahren gew\u00e4hlt. Wiederwahl ist zul\u00e4ssig.<\/p><p>Scheidet ein Mitglied des Vorstandes vorzeitig aus, kann der Vorstand bis zur n\u00e4chsten ordentlichen Vorstandswahl ein Mitglied des F\u00f6rdervereins in den Vorstand berufen.<\/p><p>Bei entsprechender Haushaltslage kann dem Vorstand eine angemessene Aufwandsentsch\u00e4digung nach \u00a7 26a Einkommenssteuergesetz gezahlt werden. Beschl\u00fcsse dar\u00fcber trifft die Mitgliederversammlung.<\/p><p>\u00a0<\/p><p>\u00a0<\/p><p style=\"text-align: center;\"><strong>\u00a714<\/strong><\/p><p>Ein Mitglied ist nicht stimmberechtigt, wenn die Beschlussfassung die Vornahme eines Rechtsgesch\u00e4ftes mit ihm oder die Einleitung eines Rechtsstreites zwischen ihm und dem Verein betrifft.<\/p><p>\u00a0<\/p><p style=\"text-align: center;\"><strong>\u00a715<\/strong><\/p><p>Anschaffungen von Gegenst\u00e4nden aus Vereinsmitteln, die nicht zum Verbrauch bestimmt sind, sind Vereinseigentum.<\/p><p>Der Verein stellt diese Gegenst\u00e4nde der Albert-Schweitzer-Schule zur Verf\u00fcgung und diese gehen in den Besitz der Schule \u00fcber.<\/p><p>\u00dcber die Bewilligung von Mitteln des Vereins entscheidet der Vorstand gem\u00e4\u00df der Mitgliederversammlung.<\/p><p>Antragsberechtigt sind:<\/p><ul><li>jedes Mitglied<\/li><li>der Schulleiter<\/li><li>der Vorstand der Gesamtelternvertretung.<\/li><\/ul><p>\u00a0<\/p><p style=\"text-align: center;\"><strong>\u00a716<\/strong><\/p><p>Das Gesch\u00e4ftsjahr ist das Kalenderjahr.<\/p><p>\u00a0<\/p><p style=\"text-align: center;\"><strong>\u00a717<\/strong><\/p><p>Die Einnahmen und Ausgaben sind ordnungsgem\u00e4\u00df aufzuzeichnen.<\/p><p>Die Kasse des Vereins wird in jedem Jahr bis zur ersten Mitgliederversammlung im neuen Jahr durch zwei (2) von der Mitgliederversammlung des Vereins gew\u00e4hlten Kassenpr\u00fcfern gepr\u00fcft.<\/p><p>Die Kassenpr\u00fcfer erstatten der Mitgliederversammlung einen Pr\u00fcfbericht und beantragen bei ordnungsgem\u00e4\u00dfer F\u00fchrung der Kassengesch\u00e4fte die Entlastung des Kassenwarts.<\/p><p>Die beiden Kassenpr\u00fcfer werden von der Mitgliederversammlung jeweils f\u00fcr die Dauer von zwei Jahren gew\u00e4hlt.<\/p><p>Sie d\u00fcrfen nicht Mitglieder des Vorstandes sein.<\/p><p>\u00a0<\/p><p style=\"text-align: center;\"><strong>\u00a718<\/strong><\/p><p>Bei Aufl\u00f6sung oder Aufhebung des Vereins oder bei Wegfall steuerbeg\u00fcnstigter Zwecke f\u00e4llt das Verm\u00f6gen des Vereins an eine K\u00f6rperschaft des \u00f6ffentlichen Rechts zwecks der Verwendung zur Bildung und Erziehung der Kinder und Jugendlichen der Albert-Schweitzer-Schule. Beschl\u00fcsse \u00fcber die k\u00fcnftige Verwendung des Verm\u00f6gens d\u00fcrfen erst nach Einwilligung des Finanzamtes ausgef\u00fchrt werden.<\/p><p>\u00a0<\/p><p style=\"text-align: center;\"><strong>\u00a719<\/strong><\/p><p>Der Verein haftet nur bis zur H\u00f6he seines aktuellen Vereinsverm\u00f6gens.<\/p><p>\u00a0<\/p><p style=\"text-align: center;\"><strong>\u00a720<\/strong><\/p><p>Soweit die Satzung nichts anderes bestimmt, gelten im \u00dcbrigen die Bestimmungen des BGB \u00fcber Vereine.<\/p><p>\u00a0<\/p><p>\u00a0<\/p><p>Ge\u00e4ndert auf Beschluss der Mitgliederversammlung<\/p><p>Leipzig, am 11. Januar 2011<\/p>\t\t\t\t\t\t\t\t<\/div>\n\t\t\t\t<\/div>\n\t\t\t\t\t<\/div>\n\t\t<\/div>\n\t\t\t\t\t<\/div>\n\t\t<\/section>\n\t\t\t\t<\/div>\n\t\t","protected":false},"excerpt":{"rendered":"<p>&#8222;Leben erhalten, Leben f\u00f6rdern, entwickelbares Leben auf seinen h\u00f6chsten Stand bringen.&#8220; Albert Schweitzer Satzung Gemeinn\u00fctziger Verein zur F\u00f6rderung k\u00f6rperbehinderter Kinder &hellip; <\/p>\n","protected":false},"author":1,"featured_media":0,"parent":0,"menu_order":0,"comment_status":"closed","ping_status":"closed","template":"elementor_header_footer","meta":{"footnotes":"","_links_to":"","_links_to_target":""},"class_list":["post-966","page","type-page","status-publish","hentry"],"_links":{"self":[{"href":"https:\/\/www.albert-schweitzer-schu-le.de\/wp-neu\/wp-json\/wp\/v2\/pages\/966","targetHints":{"allow":["GET"]}}],"collection":[{"href":"https:\/\/www.albert-schweitzer-schu-le.de\/wp-neu\/wp-json\/wp\/v2\/pages"}],"about":[{"href":"https:\/\/www.albert-schweitzer-schu-le.de\/wp-neu\/wp-json\/wp\/v2\/types\/page"}],"author":[{"embeddable":true,"href":"https:\/\/www.albert-schweitzer-schu-le.de\/wp-neu\/wp-json\/wp\/v2\/users\/1"}],"replies":[{"embeddable":true,"href":"https:\/\/www.albert-schweitzer-schu-le.de\/wp-neu\/wp-json\/wp\/v2\/comments?post=966"}],"version-history":[{"count":21,"href":"https:\/\/www.albert-schweitzer-schu-le.de\/wp-neu\/wp-json\/wp\/v2\/pages\/966\/revisions"}],"predecessor-version":[{"id":2508,"href":"https:\/\/www.albert-schweitzer-schu-le.de\/wp-neu\/wp-json\/wp\/v2\/pages\/966\/revisions\/2508"}],"wp:attachment":[{"href":"https:\/\/www.albert-schweitzer-schu-le.de\/wp-neu\/wp-json\/wp\/v2\/media?parent=966"}],"curies":[{"name":"wp","href":"https:\/\/api.w.org\/{rel}","templated":true}]}}