{"id":38,"date":"2022-09-01T09:50:16","date_gmt":"2022-09-01T07:50:16","guid":{"rendered":"https:\/\/www.albert-schweitzer-schu-le.de\/wp-neu\/?page_id=38"},"modified":"2025-03-06T17:46:16","modified_gmt":"2025-03-06T16:46:16","slug":"impressum","status":"publish","type":"page","link":"https:\/\/www.albert-schweitzer-schu-le.de\/wp-neu\/impressum\/","title":{"rendered":"Impressum"},"content":{"rendered":"<h1>Impressum<\/h1>\n<h2>Angaben gem\u00e4\u00df \u00a7 5 TMG:<\/h2>\n<p><strong>Albert-Schweitzer- Schule<\/strong><br \/>\nF\u00f6rderzentrum der Stadt Leipzig mit dem F\u00f6rderschwerpunkt<br \/>\nk\u00f6rperliche und motorische Entwicklung<br \/>\nAn der M\u00e4rchenwiese 3<br \/>\n04277 Leipzig<\/p>\n<p>Telefon: 0341\/8684011<br \/>\nFax: 0341\/8684041<br \/>\n<a href=\"mailto:infopst@albert-schweitzer-schu-le.de\"> E-Mail: infopost@albert-schweitzer-schu-le.de<\/a><\/p>\n<p><strong>Ansprechpartner:<\/strong><\/p>\n<p>Schulleiter: Ronald Legler (Jens Schieferdecker)<br \/>\nstv. Schulleiter: Ronald Legler<\/p>\n<p><strong>Schultr\u00e4ger:<\/strong><br \/>\nStadt Leipzig<br \/>\nAmt f\u00fcr Schule<br \/>\n04092 Leipzig<br \/>\nTelefon: 0341 123-0<br \/>\n<a href=\"mailto:schule@leipzig.de\">E-Mail: schule@leipzig.de<\/a><\/p>\n<p><strong>Haftungsausschluss<\/strong><br \/>\nTrotz sorgf\u00e4ltiger Kontrolle und Recherchen \u00fcbernehmen wir keine Haftung f\u00fcr Inhalte der externen Links auf unserer Homepage. F\u00fcr den Inhalt der verlinkten Seiten sind ausschlie\u00dflich deren Betreiber verantwortlich.<\/p>\n<p><strong>Bildnachweise<\/strong><br \/>\nPixabay:<br \/>\npexels-gustavo-fring-4173106.jpg\u00a0 \u00a9 Foto von Gustavo Fring<br \/>\nhands-460872_1920.jpg \u00a9 Foto von Gerd Altmann<br \/>\n<a href=\"https:\/\/pixabay.com\/de\/illustrations\/pr%C3%BCfung-mwst-inspektion-3929140\/\" target=\"_blank\" rel=\"noopener\">audit-3929140_1280.jpg<\/a> \u00a9 Foto von <a href=\"https:\/\/pixabay.com\/de\/users\/mohamed_hassan-5229782\/?utm_source=link-attribution&amp;utm_medium=referral&amp;utm_campaign=image&amp;utm_content=3929140\">Mohamed Hassan<\/a><\/p>\n<p>https:\/\/www.vecteezy.com\/<\/p>\n","protected":false},"excerpt":{"rendered":"<p>Impressum Angaben gem\u00e4\u00df \u00a7 5 TMG: Albert-Schweitzer- Schule F\u00f6rderzentrum der Stadt Leipzig mit dem F\u00f6rderschwerpunkt k\u00f6rperliche und motorische Entwicklung An &hellip; <\/p>\n","protected":false},"author":1,"featured_media":0,"parent":0,"menu_order":0,"comment_status":"closed","ping_status":"closed","template":"elementor_header_footer","meta":{"footnotes":"","_links_to":"","_links_to_target":""},"class_list":["post-38","page","type-page","status-publish","hentry"],"_links":{"self":[{"href":"https:\/\/www.albert-schweitzer-schu-le.de\/wp-neu\/wp-json\/wp\/v2\/pages\/38","targetHints":{"allow":["GET"]}}],"collection":[{"href":"https:\/\/www.albert-schweitzer-schu-le.de\/wp-neu\/wp-json\/wp\/v2\/pages"}],"about":[{"href":"https:\/\/www.albert-schweitzer-schu-le.de\/wp-neu\/wp-json\/wp\/v2\/types\/page"}],"author":[{"embeddable":true,"href":"https:\/\/www.albert-schweitzer-schu-le.de\/wp-neu\/wp-json\/wp\/v2\/users\/1"}],"replies":[{"embeddable":true,"href":"https:\/\/www.albert-schweitzer-schu-le.de\/wp-neu\/wp-json\/wp\/v2\/comments?post=38"}],"version-history":[{"count":19,"href":"https:\/\/www.albert-schweitzer-schu-le.de\/wp-neu\/wp-json\/wp\/v2\/pages\/38\/revisions"}],"predecessor-version":[{"id":2889,"href":"https:\/\/www.albert-schweitzer-schu-le.de\/wp-neu\/wp-json\/wp\/v2\/pages\/38\/revisions\/2889"}],"wp:attachment":[{"href":"https:\/\/www.albert-schweitzer-schu-le.de\/wp-neu\/wp-json\/wp\/v2\/media?parent=38"}],"curies":[{"name":"wp","href":"https:\/\/api.w.org\/{rel}","templated":true}]}}