{"id":169,"date":"2023-01-06T12:01:51","date_gmt":"2023-01-06T11:01:51","guid":{"rendered":"https:\/\/www.albert-schweitzer-schu-le.de\/wp-neu\/?page_id=169"},"modified":"2025-09-12T14:07:14","modified_gmt":"2025-09-12T12:07:14","slug":"therapien","status":"publish","type":"page","link":"https:\/\/www.albert-schweitzer-schu-le.de\/wp-neu\/schulleben\/therapien\/","title":{"rendered":"Therapien"},"content":{"rendered":"\t\t<div data-elementor-type=\"wp-page\" data-elementor-id=\"169\" class=\"elementor elementor-169\" data-elementor-settings=\"{&quot;ha_cmc_init_switcher&quot;:&quot;no&quot;}\">\n\t\t\t\t\t\t<section class=\"elementor-section elementor-top-section elementor-element elementor-element-e797562 elementor-section-height-min-height elementor-section-stretched elementor-section-full_width elementor-section-items-top elementor-section-content-top elementor-section-height-default\" data-id=\"e797562\" data-element_type=\"section\" data-settings=\"{&quot;stretch_section&quot;:&quot;section-stretched&quot;,&quot;background_background&quot;:&quot;classic&quot;,&quot;_ha_eqh_enable&quot;:false}\">\n\t\t\t\t\t\t\t<div class=\"elementor-background-overlay\"><\/div>\n\t\t\t\t\t\t\t<div class=\"elementor-container elementor-column-gap-default\">\n\t\t\t\t\t<div class=\"elementor-column elementor-col-100 elementor-top-column elementor-element elementor-element-a0a64b9\" data-id=\"a0a64b9\" data-element_type=\"column\">\n\t\t\t<div class=\"elementor-widget-wrap elementor-element-populated\">\n\t\t\t\t\t\t<div class=\"elementor-element elementor-element-dd94407 elementor-hidden-mobile ha-has-bg-overlay elementor-widget elementor-widget-heading\" data-id=\"dd94407\" data-element_type=\"widget\" data-widget_type=\"heading.default\">\n\t\t\t\t<div class=\"elementor-widget-container\">\n\t\t\t\t\t<h4 class=\"elementor-heading-title elementor-size-default\">\"Leben erhalten, Leben f\u00f6rdern,\nentwickelbares Leben\nauf seinen h\u00f6chsten Stand bringen.\" <\/h4>\t\t\t\t<\/div>\n\t\t\t\t<\/div>\n\t\t\t\t<div class=\"elementor-element elementor-element-2d21404 ha-has-bg-overlay elementor-widget elementor-widget-text-editor\" data-id=\"2d21404\" data-element_type=\"widget\" data-widget_type=\"text-editor.default\">\n\t\t\t\t<div class=\"elementor-widget-container\">\n\t\t\t\t\t\t\t\t\t<p style=\"text-align: center;\">Albert Schweitzer<\/p>\t\t\t\t\t\t\t\t<\/div>\n\t\t\t\t<\/div>\n\t\t\t\t\t<\/div>\n\t\t<\/div>\n\t\t\t\t\t<\/div>\n\t\t<\/section>\n\t\t\t\t<section class=\"elementor-section elementor-top-section elementor-element elementor-element-c6356cf elementor-section-stretched elementor-section-boxed elementor-section-height-default elementor-section-height-default\" data-id=\"c6356cf\" data-element_type=\"section\" data-settings=\"{&quot;stretch_section&quot;:&quot;section-stretched&quot;,&quot;_ha_eqh_enable&quot;:false}\">\n\t\t\t\t\t\t<div class=\"elementor-container elementor-column-gap-default\">\n\t\t\t\t\t<div class=\"elementor-column elementor-col-100 elementor-top-column elementor-element elementor-element-f24f266\" data-id=\"f24f266\" data-element_type=\"column\">\n\t\t\t<div class=\"elementor-widget-wrap elementor-element-populated\">\n\t\t\t\t\t\t<div class=\"elementor-element elementor-element-a72f539 elementor-widget elementor-widget-heading\" data-id=\"a72f539\" data-element_type=\"widget\" data-widget_type=\"heading.default\">\n\t\t\t\t<div class=\"elementor-widget-container\">\n\t\t\t\t\t<h1 class=\"elementor-heading-title elementor-size-default\">Therapieangebote<\/h1>\t\t\t\t<\/div>\n\t\t\t\t<\/div>\n\t\t\t\t<div class=\"elementor-element elementor-element-ecdd4e7 elementor-widget elementor-widget-heading\" data-id=\"ecdd4e7\" data-element_type=\"widget\" data-widget_type=\"heading.default\">\n\t\t\t\t<div class=\"elementor-widget-container\">\n\t\t\t\t\t<h2 class=\"elementor-heading-title elementor-size-default\">in der Albert-Schweitzer-Schule<\/h2>\t\t\t\t<\/div>\n\t\t\t\t<\/div>\n\t\t\t\t<div class=\"elementor-element elementor-element-80d5ebe elementor-widget-divider--view-line elementor-widget elementor-widget-divider\" data-id=\"80d5ebe\" data-element_type=\"widget\" data-widget_type=\"divider.default\">\n\t\t\t\t<div class=\"elementor-widget-container\">\n\t\t\t\t\t\t\t<div class=\"elementor-divider\">\n\t\t\t<span class=\"elementor-divider-separator\">\n\t\t\t\t\t\t<\/span>\n\t\t<\/div>\n\t\t\t\t\t\t<\/div>\n\t\t\t\t<\/div>\n\t\t\t\t<section class=\"elementor-section elementor-inner-section elementor-element elementor-element-0e06546 elementor-section-boxed elementor-section-height-default elementor-section-height-default\" data-id=\"0e06546\" data-element_type=\"section\" data-settings=\"{&quot;_ha_eqh_enable&quot;:false}\">\n\t\t\t\t\t\t<div class=\"elementor-container elementor-column-gap-default\">\n\t\t\t\t\t<div class=\"elementor-column elementor-col-50 elementor-inner-column elementor-element elementor-element-eb5d802\" data-id=\"eb5d802\" data-element_type=\"column\">\n\t\t\t<div class=\"elementor-widget-wrap elementor-element-populated\">\n\t\t\t\t\t\t<div class=\"elementor-element elementor-element-d5c06e6 elementor-widget elementor-widget-heading\" data-id=\"d5c06e6\" data-element_type=\"widget\" data-widget_type=\"heading.default\">\n\t\t\t\t<div class=\"elementor-widget-container\">\n\t\t\t\t\t<h2 class=\"elementor-heading-title elementor-size-default\">Physiotherapie<\/h2>\t\t\t\t<\/div>\n\t\t\t\t<\/div>\n\t\t\t\t<div class=\"elementor-element elementor-element-52496d3 elementor-widget elementor-widget-text-editor\" data-id=\"52496d3\" data-element_type=\"widget\" data-widget_type=\"text-editor.default\">\n\t\t\t\t<div class=\"elementor-widget-container\">\n\t\t\t\t\t\t\t\t\t<p style=\"text-align: right;\"><strong>Ein Angebot der &#8222;Gemeinschaftspraxis Physiotherapie GbR Carola von Knoblauch, Stephanie Georgi&#8220;<\/strong><\/p><p style=\"text-align: right;\">In unserer Einrichtung befindet sich eine frei niedergelassene Praxis f\u00fcr Physiotherapie. Hier werden vorzugsweise die Sch\u00fcler unserer Schule und Kinder der Tagesst\u00e4tte betreut.<br \/>Therapieeinheiten werden je nach Bedarf harmonisch in den Unterrichtsalltag eingef\u00fcgt.<\/p><p style=\"text-align: right;\"><strong>Gemeinschaftspraxis Physiotherapie GbR <br \/><\/strong>An der M\u00e4rchenwiese 3<br \/>04277 Leipzig-Marienbrunn<\/p><p style=\"text-align: right;\"><span style=\"text-decoration: underline; color: #0000ff;\"><strong>pt-knogeo@ass.lernsax.de<\/strong><\/span><br \/>Tel.: 0341 &#8211; 860 360<\/p>\t\t\t\t\t\t\t\t<\/div>\n\t\t\t\t<\/div>\n\t\t\t\t\t<\/div>\n\t\t<\/div>\n\t\t\t\t<div class=\"elementor-column elementor-col-50 elementor-inner-column elementor-element elementor-element-013ee27\" data-id=\"013ee27\" data-element_type=\"column\">\n\t\t\t<div class=\"elementor-widget-wrap elementor-element-populated\">\n\t\t\t\t\t\t<div class=\"elementor-element elementor-element-7eb14d6 elementor-invisible elementor-widget elementor-widget-image\" data-id=\"7eb14d6\" data-element_type=\"widget\" data-settings=\"{&quot;_animation&quot;:&quot;fadeInRight&quot;}\" data-widget_type=\"image.default\">\n\t\t\t\t<div class=\"elementor-widget-container\">\n\t\t\t\t\t\t\t\t\t\t\t\t\t\t\t<img decoding=\"async\" src=\"https:\/\/www.albert-schweitzer-schu-le.de\/wp-neu\/wp-content\/uploads\/2024\/01\/thera1.png\" title=\"thera1\" alt=\"thera1\" loading=\"lazy\" \/>\t\t\t\t\t\t\t\t\t\t\t\t\t\t\t<\/div>\n\t\t\t\t<\/div>\n\t\t\t\t\t<\/div>\n\t\t<\/div>\n\t\t\t\t\t<\/div>\n\t\t<\/section>\n\t\t\t\t<section class=\"elementor-section elementor-inner-section elementor-element elementor-element-bf3e71d elementor-section-boxed elementor-section-height-default elementor-section-height-default\" data-id=\"bf3e71d\" data-element_type=\"section\" data-settings=\"{&quot;_ha_eqh_enable&quot;:false}\">\n\t\t\t\t\t\t<div class=\"elementor-container elementor-column-gap-default\">\n\t\t\t\t\t<div class=\"elementor-column elementor-col-50 elementor-inner-column elementor-element elementor-element-a4812f4\" data-id=\"a4812f4\" data-element_type=\"column\">\n\t\t\t<div class=\"elementor-widget-wrap elementor-element-populated\">\n\t\t\t\t\t\t<div class=\"elementor-element elementor-element-4ae822d elementor-invisible elementor-widget elementor-widget-image\" data-id=\"4ae822d\" data-element_type=\"widget\" data-settings=\"{&quot;_animation&quot;:&quot;fadeInLeft&quot;}\" data-widget_type=\"image.default\">\n\t\t\t\t<div class=\"elementor-widget-container\">\n\t\t\t\t\t\t\t\t\t\t\t\t\t\t\t<img decoding=\"async\" src=\"https:\/\/www.albert-schweitzer-schu-le.de\/wp-neu\/wp-content\/uploads\/2024\/01\/thera2.png\" title=\"thera2\" alt=\"thera2\" loading=\"lazy\" \/>\t\t\t\t\t\t\t\t\t\t\t\t\t\t\t<\/div>\n\t\t\t\t<\/div>\n\t\t\t\t\t<\/div>\n\t\t<\/div>\n\t\t\t\t<div class=\"elementor-column elementor-col-50 elementor-inner-column elementor-element elementor-element-0c71819\" data-id=\"0c71819\" data-element_type=\"column\">\n\t\t\t<div class=\"elementor-widget-wrap elementor-element-populated\">\n\t\t\t\t\t\t<div class=\"elementor-element elementor-element-7582d6d elementor-widget elementor-widget-heading\" data-id=\"7582d6d\" data-element_type=\"widget\" data-widget_type=\"heading.default\">\n\t\t\t\t<div class=\"elementor-widget-container\">\n\t\t\t\t\t<h2 class=\"elementor-heading-title elementor-size-default\">Logop\u00e4die, Ergo- und Physiotherapie<\/h2>\t\t\t\t<\/div>\n\t\t\t\t<\/div>\n\t\t\t\t<div class=\"elementor-element elementor-element-b15c4c6 elementor-widget elementor-widget-text-editor\" data-id=\"b15c4c6\" data-element_type=\"widget\" data-widget_type=\"text-editor.default\">\n\t\t\t\t<div class=\"elementor-widget-container\">\n\t\t\t\t\t\t\t\t\t<p style=\"text-align: left;\"><strong>Ein Angebot der &#8222;HUMANITAS e.V&#8220;<br \/><\/strong><\/p><p>Der Verein \u201eHumanitas e. V.\u201c bietet f\u00fcr Sch\u00fcler und Kinder der Tagesst\u00e4tte Physiotherapie, Ergotherapie und Logop\u00e4die an.<br \/>Das umfassende Angebot an medizinischer, therapeutischer und psychologischer Betreuung erspart den Eltern manch weiten Weg und unterst\u00fctzt sie bei ihren t\u00e4glichen Betreuungs- und Pflegeaufgaben.<\/p><p><strong>HUMANITAS e.V.<br \/><\/strong>An der M\u00e4rchenwiese 3<br \/>Leipzig Marienbrunn<\/p><p>Tel.: 0341 &#8211; 86 324 &#8211; 95\/96<br \/>Fax: 0341 &#8211; 86 324 97<br \/><span class=\"cloaked_email\"><span style=\"text-decoration: underline; color: #0000ff;\"><strong>ffstmaerchen-ggmbh@humanitas-leipzig.de<\/strong><\/span><\/span><\/p>\t\t\t\t\t\t\t\t<\/div>\n\t\t\t\t<\/div>\n\t\t\t\t\t<\/div>\n\t\t<\/div>\n\t\t\t\t\t<\/div>\n\t\t<\/section>\n\t\t\t\t\t<\/div>\n\t\t<\/div>\n\t\t\t\t\t<\/div>\n\t\t<\/section>\n\t\t\t\t<\/div>\n\t\t","protected":false},"excerpt":{"rendered":"<p>&#8222;Leben erhalten, Leben f\u00f6rdern, entwickelbares Leben auf seinen h\u00f6chsten Stand bringen.&#8220; Albert Schweitzer Therapieangebote in der Albert-Schweitzer-Schule Physiotherapie Ein Angebot &hellip; <\/p>\n","protected":false},"author":1,"featured_media":0,"parent":164,"menu_order":0,"comment_status":"closed","ping_status":"closed","template":"","meta":{"footnotes":"","_links_to":"","_links_to_target":""},"class_list":["post-169","page","type-page","status-publish","hentry"],"_links":{"self":[{"href":"https:\/\/www.albert-schweitzer-schu-le.de\/wp-neu\/wp-json\/wp\/v2\/pages\/169","targetHints":{"allow":["GET"]}}],"collection":[{"href":"https:\/\/www.albert-schweitzer-schu-le.de\/wp-neu\/wp-json\/wp\/v2\/pages"}],"about":[{"href":"https:\/\/www.albert-schweitzer-schu-le.de\/wp-neu\/wp-json\/wp\/v2\/types\/page"}],"author":[{"embeddable":true,"href":"https:\/\/www.albert-schweitzer-schu-le.de\/wp-neu\/wp-json\/wp\/v2\/users\/1"}],"replies":[{"embeddable":true,"href":"https:\/\/www.albert-schweitzer-schu-le.de\/wp-neu\/wp-json\/wp\/v2\/comments?post=169"}],"version-history":[{"count":19,"href":"https:\/\/www.albert-schweitzer-schu-le.de\/wp-neu\/wp-json\/wp\/v2\/pages\/169\/revisions"}],"predecessor-version":[{"id":3334,"href":"https:\/\/www.albert-schweitzer-schu-le.de\/wp-neu\/wp-json\/wp\/v2\/pages\/169\/revisions\/3334"}],"up":[{"embeddable":true,"href":"https:\/\/www.albert-schweitzer-schu-le.de\/wp-neu\/wp-json\/wp\/v2\/pages\/164"}],"wp:attachment":[{"href":"https:\/\/www.albert-schweitzer-schu-le.de\/wp-neu\/wp-json\/wp\/v2\/media?parent=169"}],"curies":[{"name":"wp","href":"https:\/\/api.w.org\/{rel}","templated":true}]}}