{"id":1497,"date":"2024-11-25T12:45:24","date_gmt":"2024-11-25T11:45:24","guid":{"rendered":"https:\/\/www.albert-schweitzer-schu-le.de\/wp-neu\/?page_id=1497"},"modified":"2025-06-27T07:47:22","modified_gmt":"2025-06-27T05:47:22","slug":"auszeichnungen-und-preise","status":"publish","type":"page","link":"https:\/\/www.albert-schweitzer-schu-le.de\/wp-neu\/auszeichnungen-und-preise\/","title":{"rendered":"Auszeichnungen und Preise"},"content":{"rendered":"\t\t<div data-elementor-type=\"wp-page\" data-elementor-id=\"1497\" class=\"elementor elementor-1497\" data-elementor-settings=\"{&quot;ha_cmc_init_switcher&quot;:&quot;no&quot;}\">\n\t\t\t\t\t\t<section class=\"elementor-section elementor-top-section elementor-element elementor-element-8e87544 elementor-section-height-min-height elementor-section-stretched elementor-section-full_width elementor-section-items-top elementor-section-content-middle elementor-section-height-default\" data-id=\"8e87544\" data-element_type=\"section\" data-settings=\"{&quot;stretch_section&quot;:&quot;section-stretched&quot;,&quot;background_background&quot;:&quot;classic&quot;,&quot;_ha_eqh_enable&quot;:false}\">\n\t\t\t\t\t\t\t<div class=\"elementor-background-overlay\"><\/div>\n\t\t\t\t\t\t\t<div class=\"elementor-container elementor-column-gap-default\">\n\t\t\t\t\t<div class=\"elementor-column elementor-col-100 elementor-top-column elementor-element elementor-element-6a30fbd\" data-id=\"6a30fbd\" data-element_type=\"column\">\n\t\t\t<div class=\"elementor-widget-wrap elementor-element-populated\">\n\t\t\t\t\t\t<div class=\"elementor-element elementor-element-ba3eb27 elementor-hidden-mobile ha-has-bg-overlay elementor-widget elementor-widget-heading\" data-id=\"ba3eb27\" data-element_type=\"widget\" data-widget_type=\"heading.default\">\n\t\t\t\t<div class=\"elementor-widget-container\">\n\t\t\t\t\t<h4 class=\"elementor-heading-title elementor-size-default\">\"Leben erhalten, Leben f\u00f6rdern,\nentwickelbares Leben\nauf seinen h\u00f6chsten Stand bringen.\" <\/h4>\t\t\t\t<\/div>\n\t\t\t\t<\/div>\n\t\t\t\t<div class=\"elementor-element elementor-element-d50cbd5 elementor-hidden-mobile ha-has-bg-overlay elementor-widget elementor-widget-text-editor\" data-id=\"d50cbd5\" data-element_type=\"widget\" data-widget_type=\"text-editor.default\">\n\t\t\t\t<div class=\"elementor-widget-container\">\n\t\t\t\t\t\t\t\t\t<p style=\"text-align: center;\">Albert Schweitzer<\/p>\t\t\t\t\t\t\t\t<\/div>\n\t\t\t\t<\/div>\n\t\t\t\t\t<\/div>\n\t\t<\/div>\n\t\t\t\t\t<\/div>\n\t\t<\/section>\n\t\t\t\t<section class=\"elementor-section elementor-top-section elementor-element elementor-element-b6ffe79 elementor-section-stretched elementor-section-boxed elementor-section-height-default elementor-section-height-default\" data-id=\"b6ffe79\" data-element_type=\"section\" data-settings=\"{&quot;stretch_section&quot;:&quot;section-stretched&quot;,&quot;_ha_eqh_enable&quot;:false}\">\n\t\t\t\t\t\t<div class=\"elementor-container elementor-column-gap-default\">\n\t\t\t\t\t<div class=\"elementor-column elementor-col-100 elementor-top-column elementor-element elementor-element-ed1933a\" data-id=\"ed1933a\" data-element_type=\"column\">\n\t\t\t<div class=\"elementor-widget-wrap elementor-element-populated\">\n\t\t\t\t\t\t<div class=\"elementor-element elementor-element-4f3b14a elementor-widget elementor-widget-heading\" data-id=\"4f3b14a\" data-element_type=\"widget\" data-widget_type=\"heading.default\">\n\t\t\t\t<div class=\"elementor-widget-container\">\n\t\t\t\t\t<h1 class=\"elementor-heading-title elementor-size-default\">AuszeichnungeN und Preise<\/h1>\t\t\t\t<\/div>\n\t\t\t\t<\/div>\n\t\t\t\t<div class=\"elementor-element elementor-element-667b5b2 elementor-widget-divider--view-line elementor-widget elementor-widget-divider\" data-id=\"667b5b2\" data-element_type=\"widget\" data-widget_type=\"divider.default\">\n\t\t\t\t<div class=\"elementor-widget-container\">\n\t\t\t\t\t\t\t<div class=\"elementor-divider\">\n\t\t\t<span class=\"elementor-divider-separator\">\n\t\t\t\t\t\t<\/span>\n\t\t<\/div>\n\t\t\t\t\t\t<\/div>\n\t\t\t\t<\/div>\n\t\t\t\t\t<\/div>\n\t\t<\/div>\n\t\t\t\t\t<\/div>\n\t\t<\/section>\n\t\t\t\t<section class=\"elementor-section elementor-top-section elementor-element elementor-element-81d7341 elementor-section-stretched elementor-section-boxed elementor-section-height-default elementor-section-height-default\" data-id=\"81d7341\" data-element_type=\"section\" data-settings=\"{&quot;stretch_section&quot;:&quot;section-stretched&quot;,&quot;_ha_eqh_enable&quot;:false}\">\n\t\t\t\t\t\t<div class=\"elementor-container elementor-column-gap-default\">\n\t\t\t\t\t<div class=\"elementor-column elementor-col-100 elementor-top-column elementor-element elementor-element-5d414b6\" data-id=\"5d414b6\" data-element_type=\"column\">\n\t\t\t<div class=\"elementor-widget-wrap elementor-element-populated\">\n\t\t\t\t\t\t<div class=\"elementor-element elementor-element-3ea7b1d elementor-widget elementor-widget-htmega-postcarousel-addons\" data-id=\"3ea7b1d\" data-element_type=\"widget\" data-settings=\"{&quot;carousel_post_type&quot;:&quot;post&quot;}\" data-widget_type=\"htmega-postcarousel-addons.default\">\n\t\t\t\t<div class=\"elementor-widget-container\">\n\t\t\t\t\t            <div class=\"post-carousel-wrapper htmega-postcarousel-layout-5 htmega-verticle-center-arrow sid3ea7b1d\">\n                <div dir=\"ltr\" class=\"htmega-carousel-activation\" data-settings=\"{&quot;sectionid&quot;:&quot;sid3ea7b1d&quot;,&quot;arrows&quot;:true,&quot;arrow_prev_txt&quot;:&quot;&lt;i class=\\&quot;fas fa-angle-left\\&quot;&gt;&lt;\\\/i&gt;&quot;,&quot;arrow_next_txt&quot;:&quot;&lt;i class=\\&quot;fas fa-angle-right\\&quot;&gt;&lt;\\\/i&gt;&quot;,&quot;dots&quot;:false,&quot;autoplay&quot;:false,&quot;autoplay_speed&quot;:3000,&quot;animation_speed&quot;:300,&quot;slloop&quot;:true,&quot;pause_on_hover&quot;:true,&quot;center_mode&quot;:false,&quot;center_padding&quot;:0,&quot;equal_height_column&quot;:false,&quot;equal_height_column_class&quot;:&quot;.post-inner&quot;,&quot;display_columns&quot;:3,&quot;scroll_columns&quot;:1,&quot;tablet_width&quot;:750,&quot;tablet_display_columns&quot;:1,&quot;tablet_scroll_columns&quot;:1,&quot;mobile_width&quot;:480,&quot;mobile_display_columns&quot;:1,&quot;mobile_scroll_columns&quot;:1}\" style=\"display:none;\">\n\n                    \n                                                    <div class=\"htmega-single-post-slide htmega-postslider-layout-5\" >\n                                <div class=\"thumb\">\n                                    <a href=\"https:\/\/www.albert-schweitzer-schu-le.de\/wp-neu\/tag-des-schulsports-der-klassen-5-10\/\"><img fetchpriority=\"high\" decoding=\"async\" width=\"225\" height=\"300\" src=\"https:\/\/www.albert-schweitzer-schu-le.de\/wp-neu\/wp-content\/uploads\/2026\/03\/IMG-20260312-WA0002-225x300.jpg\" class=\"attachment-medium size-medium wp-post-image\" alt=\"\" srcset=\"https:\/\/www.albert-schweitzer-schu-le.de\/wp-neu\/wp-content\/uploads\/2026\/03\/IMG-20260312-WA0002-225x300.jpg 225w, https:\/\/www.albert-schweitzer-schu-le.de\/wp-neu\/wp-content\/uploads\/2026\/03\/IMG-20260312-WA0002-768x1024.jpg 768w, https:\/\/www.albert-schweitzer-schu-le.de\/wp-neu\/wp-content\/uploads\/2026\/03\/IMG-20260312-WA0002-300x400.jpg 300w, https:\/\/www.albert-schweitzer-schu-le.de\/wp-neu\/wp-content\/uploads\/2026\/03\/IMG-20260312-WA0002-1152x1536.jpg 1152w, https:\/\/www.albert-schweitzer-schu-le.de\/wp-neu\/wp-content\/uploads\/2026\/03\/IMG-20260312-WA0002.jpg 1500w\" sizes=\"(max-width: 225px) 100vw, 225px\" \/><\/a>\n                                <\/div>\n                                            <div class=\"content \">\n                <div class=\"post-inner\">\n                    \n                    \n                                                <h2><a href=\"https:\/\/www.albert-schweitzer-schu-le.de\/wp-neu\/tag-des-schulsports-der-klassen-5-10\/\">Tag des Schulsports der Klassen<\/a><\/h2>\n                        \n                    \n                    <p>Am Donnerstag, den 12.03.2026 fand unser Tag des Schulsports f\u00fcr die Klassen 5-10 statt. An diesem Tag hatten die Sch\u00fclerinnen<\/p>\n                    \n                                            <div class=\"post-btn\">\n                            <a class=\"readmore-btn\" href=\"https:\/\/www.albert-schweitzer-schu-le.de\/wp-neu\/tag-des-schulsports-der-klassen-5-10\/\">Mehr<\/a>\n                        <\/div>\n                    \n                <\/div>\n            <\/div>\n                                    <\/div>\n\n                        \n                        \n                                                    <div class=\"htmega-single-post-slide htmega-postslider-layout-5\" >\n                                <div class=\"thumb\">\n                                    <a href=\"https:\/\/www.albert-schweitzer-schu-le.de\/wp-neu\/para-sportfetzt-2026-kurzinfo\/\"><img decoding=\"async\" width=\"300\" height=\"196\" src=\"https:\/\/www.albert-schweitzer-schu-le.de\/wp-neu\/wp-content\/uploads\/2026\/03\/ParaSporttag-300x196.jpg\" class=\"attachment-medium size-medium wp-post-image\" alt=\"\" srcset=\"https:\/\/www.albert-schweitzer-schu-le.de\/wp-neu\/wp-content\/uploads\/2026\/03\/ParaSporttag-300x196.jpg 300w, https:\/\/www.albert-schweitzer-schu-le.de\/wp-neu\/wp-content\/uploads\/2026\/03\/ParaSporttag-1024x668.jpg 1024w, https:\/\/www.albert-schweitzer-schu-le.de\/wp-neu\/wp-content\/uploads\/2026\/03\/ParaSporttag-768x501.jpg 768w, https:\/\/www.albert-schweitzer-schu-le.de\/wp-neu\/wp-content\/uploads\/2026\/03\/ParaSporttag-e1773743641451.jpg 661w\" sizes=\"(max-width: 300px) 100vw, 300px\" \/><\/a>\n                                <\/div>\n                                            <div class=\"content \">\n                <div class=\"post-inner\">\n                    \n                    \n                                                <h2><a href=\"https:\/\/www.albert-schweitzer-schu-le.de\/wp-neu\/para-sportfetzt-2026-kurzinfo\/\">PARA SPORTfetzt! 2026 &#8211; Kurzinfo<\/a><\/h2>\n                        \n                    \n                    <p>Am 25. April 2026 findet der ParaSportfetzt, Tag f\u00fcr Kinder und junge Erwachsene mit Behinderung (AK 12-25 Jahre) auf dem<\/p>\n                    \n                                            <div class=\"post-btn\">\n                            <a class=\"readmore-btn\" href=\"https:\/\/www.albert-schweitzer-schu-le.de\/wp-neu\/para-sportfetzt-2026-kurzinfo\/\">Mehr<\/a>\n                        <\/div>\n                    \n                <\/div>\n            <\/div>\n                                    <\/div>\n\n                        \n                        \n                                                    <div class=\"htmega-single-post-slide htmega-postslider-layout-5\" >\n                                <div class=\"thumb\">\n                                    <a href=\"https:\/\/www.albert-schweitzer-schu-le.de\/wp-neu\/sitzball-im-mittelpunkt-unser-dezember-an-der-ass\/\"><img decoding=\"async\" width=\"300\" height=\"237\" src=\"https:\/\/www.albert-schweitzer-schu-le.de\/wp-neu\/wp-content\/uploads\/2025\/12\/IMG_4148-1-e1765921606787-300x237.jpeg\" class=\"attachment-medium size-medium wp-post-image\" alt=\"\" srcset=\"https:\/\/www.albert-schweitzer-schu-le.de\/wp-neu\/wp-content\/uploads\/2025\/12\/IMG_4148-1-e1765921606787-300x237.jpeg 300w, https:\/\/www.albert-schweitzer-schu-le.de\/wp-neu\/wp-content\/uploads\/2025\/12\/IMG_4148-1-e1765921606787.jpeg 465w\" sizes=\"(max-width: 300px) 100vw, 300px\" \/><\/a>\n                                <\/div>\n                                            <div class=\"content \">\n                <div class=\"post-inner\">\n                    \n                    \n                                                <h2><a href=\"https:\/\/www.albert-schweitzer-schu-le.de\/wp-neu\/sitzball-im-mittelpunkt-unser-dezember-an-der-ass\/\">Sitzball im Mittelpunkt: Unser Dezember<\/a><\/h2>\n                        \n                    \n                    <p>Ehemaligentreffen Sitzball am 06.12.2025 Am Samstag vor dem zweiten Advent fand wieder unser traditionelles Ehemaligentreffen im Sitzball statt. In gem\u00fctlicher<\/p>\n                    \n                                            <div class=\"post-btn\">\n                            <a class=\"readmore-btn\" href=\"https:\/\/www.albert-schweitzer-schu-le.de\/wp-neu\/sitzball-im-mittelpunkt-unser-dezember-an-der-ass\/\">Mehr<\/a>\n                        <\/div>\n                    \n                <\/div>\n            <\/div>\n                                    <\/div>\n\n                        \n                        \n                                                    <div class=\"htmega-single-post-slide htmega-postslider-layout-5\" >\n                                <div class=\"thumb\">\n                                    <a href=\"https:\/\/www.albert-schweitzer-schu-le.de\/wp-neu\/landesfinale-tischtennis-2025\/\"><img loading=\"lazy\" decoding=\"async\" width=\"225\" height=\"300\" src=\"https:\/\/www.albert-schweitzer-schu-le.de\/wp-neu\/wp-content\/uploads\/2025\/12\/IMG_4019-225x300.jpg\" class=\"attachment-medium size-medium wp-post-image\" alt=\"\" srcset=\"https:\/\/www.albert-schweitzer-schu-le.de\/wp-neu\/wp-content\/uploads\/2025\/12\/IMG_4019-225x300.jpg 225w, https:\/\/www.albert-schweitzer-schu-le.de\/wp-neu\/wp-content\/uploads\/2025\/12\/IMG_4019-300x400.jpg 300w, https:\/\/www.albert-schweitzer-schu-le.de\/wp-neu\/wp-content\/uploads\/2025\/12\/IMG_4019.jpg 480w\" sizes=\"(max-width: 225px) 100vw, 225px\" \/><\/a>\n                                <\/div>\n                                            <div class=\"content \">\n                <div class=\"post-inner\">\n                    \n                    \n                                                <h2><a href=\"https:\/\/www.albert-schweitzer-schu-le.de\/wp-neu\/landesfinale-tischtennis-2025\/\">Landesfinale Tischtennis 2025<\/a><\/h2>\n                        \n                    \n                    <p>Am 04. Dezember 2025 hie\u00df es wieder: Schnelligkeit, Pr\u00e4zision und volle Konzentration! Tischtennis geh\u00f6rt zu den rasantesten R\u00fcckschlagspielen \u00fcberhaupt \u2013<\/p>\n                    \n                                            <div class=\"post-btn\">\n                            <a class=\"readmore-btn\" href=\"https:\/\/www.albert-schweitzer-schu-le.de\/wp-neu\/landesfinale-tischtennis-2025\/\">Mehr<\/a>\n                        <\/div>\n                    \n                <\/div>\n            <\/div>\n                                    <\/div>\n\n                        \n                        \n                                                    <div class=\"htmega-single-post-slide htmega-postslider-layout-5\" >\n                                <div class=\"thumb\">\n                                    <a href=\"https:\/\/www.albert-schweitzer-schu-le.de\/wp-neu\/herzliche-einladung-zum-ehemaligentreffen-sitzball\/\"><img loading=\"lazy\" decoding=\"async\" width=\"188\" height=\"300\" src=\"https:\/\/www.albert-schweitzer-schu-le.de\/wp-neu\/wp-content\/uploads\/2025\/11\/ChatGPT-Image-29.-Nov.-2025-18_24_26-e1764437869237-188x300.png\" class=\"attachment-medium size-medium wp-post-image\" alt=\"\" srcset=\"https:\/\/www.albert-schweitzer-schu-le.de\/wp-neu\/wp-content\/uploads\/2025\/11\/ChatGPT-Image-29.-Nov.-2025-18_24_26-e1764437869237-188x300.png 188w, https:\/\/www.albert-schweitzer-schu-le.de\/wp-neu\/wp-content\/uploads\/2025\/11\/ChatGPT-Image-29.-Nov.-2025-18_24_26-e1764437869237-768x1228.png 768w, https:\/\/www.albert-schweitzer-schu-le.de\/wp-neu\/wp-content\/uploads\/2025\/11\/ChatGPT-Image-29.-Nov.-2025-18_24_26-e1764437869237-640x1024.png 640w, https:\/\/www.albert-schweitzer-schu-le.de\/wp-neu\/wp-content\/uploads\/2025\/11\/ChatGPT-Image-29.-Nov.-2025-18_24_26-e1764437869237.png 868w\" sizes=\"(max-width: 188px) 100vw, 188px\" \/><\/a>\n                                <\/div>\n                                            <div class=\"content \">\n                <div class=\"post-inner\">\n                    \n                    \n                                                <h2><a href=\"https:\/\/www.albert-schweitzer-schu-le.de\/wp-neu\/herzliche-einladung-zum-ehemaligentreffen-sitzball\/\">Herzliche Einladung zum Ehemaligentreffen Sitzball!<\/a><\/h2>\n                        \n                    \n                    <p>Am Samstag, den 06.12.2025, begr\u00fc\u00dfen wir ab 10 Uhr ehemalige Sch\u00fclerinnen und Sch\u00fcler sowie ehemalige Kolleginnen und Kollegen der Albert-Schweitzer-Schule<\/p>\n                    \n                                            <div class=\"post-btn\">\n                            <a class=\"readmore-btn\" href=\"https:\/\/www.albert-schweitzer-schu-le.de\/wp-neu\/herzliche-einladung-zum-ehemaligentreffen-sitzball\/\">Mehr<\/a>\n                        <\/div>\n                    \n                <\/div>\n            <\/div>\n                                    <\/div>\n\n                        \n                        \n                <\/div>\n            <\/div>\n            \n            \n\n        \t\t\t\t<\/div>\n\t\t\t\t<\/div>\n\t\t\t\t\t<\/div>\n\t\t<\/div>\n\t\t\t\t\t<\/div>\n\t\t<\/section>\n\t\t\t\t<section class=\"elementor-section elementor-top-section elementor-element elementor-element-5a4a13b elementor-section-boxed elementor-section-height-default elementor-section-height-default\" data-id=\"5a4a13b\" data-element_type=\"section\" data-settings=\"{&quot;_ha_eqh_enable&quot;:false}\">\n\t\t\t\t\t\t<div class=\"elementor-container elementor-column-gap-default\">\n\t\t\t\t\t<div class=\"elementor-column elementor-col-100 elementor-top-column elementor-element elementor-element-cc5d38d\" data-id=\"cc5d38d\" data-element_type=\"column\">\n\t\t\t<div class=\"elementor-widget-wrap elementor-element-populated\">\n\t\t\t\t\t\t<div class=\"elementor-element elementor-element-3f65af6 elementor-widget elementor-widget-image\" data-id=\"3f65af6\" data-element_type=\"widget\" data-widget_type=\"image.default\">\n\t\t\t\t<div class=\"elementor-widget-container\">\n\t\t\t\t\t\t\t\t\t\t\t\t<figure class=\"wp-caption\">\n\t\t\t\t\t\t\t\t\t\t<img loading=\"lazy\" decoding=\"async\" width=\"141\" height=\"136\" src=\"https:\/\/www.albert-schweitzer-schu-le.de\/wp-neu\/wp-content\/uploads\/2025\/05\/QR-Code-PARA-SPORT.png\" class=\"attachment-medium size-medium wp-image-3114\" alt=\"\" \/>\t\t\t\t\t\t\t\t\t\t\t<figcaption class=\"widget-image-caption wp-caption-text\">PARA SPORT<\/figcaption>\n\t\t\t\t\t\t\t\t\t\t<\/figure>\n\t\t\t\t\t\t\t\t\t<\/div>\n\t\t\t\t<\/div>\n\t\t\t\t\t<\/div>\n\t\t<\/div>\n\t\t\t\t\t<\/div>\n\t\t<\/section>\n\t\t\t\t<\/div>\n\t\t","protected":false},"excerpt":{"rendered":"<p>&#8222;Leben erhalten, Leben f\u00f6rdern, entwickelbares Leben auf seinen h\u00f6chsten Stand bringen.&#8220; Albert Schweitzer AuszeichnungeN und Preise Spannung, Teamgeist und neue &hellip; <\/p>\n","protected":false},"author":1,"featured_media":0,"parent":0,"menu_order":0,"comment_status":"closed","ping_status":"closed","template":"","meta":{"footnotes":"","_links_to":"","_links_to_target":""},"class_list":["post-1497","page","type-page","status-publish","hentry"],"_links":{"self":[{"href":"https:\/\/www.albert-schweitzer-schu-le.de\/wp-neu\/wp-json\/wp\/v2\/pages\/1497","targetHints":{"allow":["GET"]}}],"collection":[{"href":"https:\/\/www.albert-schweitzer-schu-le.de\/wp-neu\/wp-json\/wp\/v2\/pages"}],"about":[{"href":"https:\/\/www.albert-schweitzer-schu-le.de\/wp-neu\/wp-json\/wp\/v2\/types\/page"}],"author":[{"embeddable":true,"href":"https:\/\/www.albert-schweitzer-schu-le.de\/wp-neu\/wp-json\/wp\/v2\/users\/1"}],"replies":[{"embeddable":true,"href":"https:\/\/www.albert-schweitzer-schu-le.de\/wp-neu\/wp-json\/wp\/v2\/comments?post=1497"}],"version-history":[{"count":16,"href":"https:\/\/www.albert-schweitzer-schu-le.de\/wp-neu\/wp-json\/wp\/v2\/pages\/1497\/revisions"}],"predecessor-version":[{"id":3273,"href":"https:\/\/www.albert-schweitzer-schu-le.de\/wp-neu\/wp-json\/wp\/v2\/pages\/1497\/revisions\/3273"}],"wp:attachment":[{"href":"https:\/\/www.albert-schweitzer-schu-le.de\/wp-neu\/wp-json\/wp\/v2\/media?parent=1497"}],"curies":[{"name":"wp","href":"https:\/\/api.w.org\/{rel}","templated":true}]}}