{"id":1478,"date":"2024-11-25T12:23:57","date_gmt":"2024-11-25T11:23:57","guid":{"rendered":"https:\/\/www.albert-schweitzer-schu-le.de\/wp-neu\/?page_id=1478"},"modified":"2025-03-06T17:47:57","modified_gmt":"2025-03-06T16:47:57","slug":"bundesfreiwilligendienst","status":"publish","type":"page","link":"https:\/\/www.albert-schweitzer-schu-le.de\/wp-neu\/bundesfreiwilligendienst\/","title":{"rendered":"Bundesfreiwilligendienst"},"content":{"rendered":"\t\t<div data-elementor-type=\"wp-page\" data-elementor-id=\"1478\" class=\"elementor elementor-1478\" data-elementor-settings=\"{&quot;ha_cmc_init_switcher&quot;:&quot;no&quot;}\">\n\t\t\t\t\t\t<section class=\"elementor-section elementor-top-section elementor-element elementor-element-2c5d531 elementor-section-height-min-height elementor-section-stretched elementor-section-full_width elementor-section-items-top elementor-section-content-top elementor-section-height-default\" data-id=\"2c5d531\" data-element_type=\"section\" data-settings=\"{&quot;stretch_section&quot;:&quot;section-stretched&quot;,&quot;background_background&quot;:&quot;classic&quot;,&quot;_ha_eqh_enable&quot;:false}\">\n\t\t\t\t\t\t\t<div class=\"elementor-background-overlay\"><\/div>\n\t\t\t\t\t\t\t<div class=\"elementor-container elementor-column-gap-default\">\n\t\t\t\t\t<div class=\"elementor-column elementor-col-100 elementor-top-column elementor-element elementor-element-c5af81f\" data-id=\"c5af81f\" data-element_type=\"column\">\n\t\t\t<div class=\"elementor-widget-wrap elementor-element-populated\">\n\t\t\t\t\t\t<div class=\"elementor-element elementor-element-2c5e250 elementor-hidden-mobile ha-has-bg-overlay elementor-widget elementor-widget-heading\" data-id=\"2c5e250\" data-element_type=\"widget\" data-widget_type=\"heading.default\">\n\t\t\t\t<div class=\"elementor-widget-container\">\n\t\t\t\t\t<h4 class=\"elementor-heading-title elementor-size-default\">\"Leben erhalten, Leben f\u00f6rdern,\nentwickelbares Leben\nauf seinen h\u00f6chsten Stand bringen.\" <\/h4>\t\t\t\t<\/div>\n\t\t\t\t<\/div>\n\t\t\t\t<div class=\"elementor-element elementor-element-52a478b elementor-hidden-mobile ha-has-bg-overlay elementor-widget elementor-widget-text-editor\" data-id=\"52a478b\" data-element_type=\"widget\" data-widget_type=\"text-editor.default\">\n\t\t\t\t<div class=\"elementor-widget-container\">\n\t\t\t\t\t\t\t\t\t<p style=\"text-align: center;\">Albert Schweitzer<\/p>\t\t\t\t\t\t\t\t<\/div>\n\t\t\t\t<\/div>\n\t\t\t\t\t<\/div>\n\t\t<\/div>\n\t\t\t\t\t<\/div>\n\t\t<\/section>\n\t\t\t\t<section class=\"elementor-section elementor-top-section elementor-element elementor-element-637159f elementor-section-stretched elementor-section-boxed elementor-section-height-default elementor-section-height-default\" data-id=\"637159f\" data-element_type=\"section\" data-settings=\"{&quot;stretch_section&quot;:&quot;section-stretched&quot;,&quot;_ha_eqh_enable&quot;:false}\">\n\t\t\t\t\t\t<div class=\"elementor-container elementor-column-gap-default\">\n\t\t\t\t\t<div class=\"elementor-column elementor-col-100 elementor-top-column elementor-element elementor-element-2339e50\" data-id=\"2339e50\" data-element_type=\"column\">\n\t\t\t<div class=\"elementor-widget-wrap elementor-element-populated\">\n\t\t\t\t\t\t<div class=\"elementor-element elementor-element-b4f9695 elementor-widget elementor-widget-heading\" data-id=\"b4f9695\" data-element_type=\"widget\" data-widget_type=\"heading.default\">\n\t\t\t\t<div class=\"elementor-widget-container\">\n\t\t\t\t\t<h1 class=\"elementor-heading-title elementor-size-default\">Bundesfreiwilligendienst<\/h1>\t\t\t\t<\/div>\n\t\t\t\t<\/div>\n\t\t\t\t<div class=\"elementor-element elementor-element-f9632bf elementor-widget elementor-widget-heading\" data-id=\"f9632bf\" data-element_type=\"widget\" data-widget_type=\"heading.default\">\n\t\t\t\t<div class=\"elementor-widget-container\">\n\t\t\t\t\t<h2 class=\"elementor-heading-title elementor-size-default\">in der Albert-Schweitzer-Schule<\/h2>\t\t\t\t<\/div>\n\t\t\t\t<\/div>\n\t\t\t\t<div class=\"elementor-element elementor-element-8fef7b6 elementor-widget-divider--view-line elementor-widget elementor-widget-divider\" data-id=\"8fef7b6\" data-element_type=\"widget\" data-widget_type=\"divider.default\">\n\t\t\t\t<div class=\"elementor-widget-container\">\n\t\t\t\t\t\t\t<div class=\"elementor-divider\">\n\t\t\t<span class=\"elementor-divider-separator\">\n\t\t\t\t\t\t<\/span>\n\t\t<\/div>\n\t\t\t\t\t\t<\/div>\n\t\t\t\t<\/div>\n\t\t\t\t<div class=\"elementor-element elementor-element-d9c7855 elementor-widget elementor-widget-text-editor\" data-id=\"d9c7855\" data-element_type=\"widget\" data-widget_type=\"text-editor.default\">\n\t\t\t\t<div class=\"elementor-widget-container\">\n\t\t\t\t\t\t\t\t\t<p style=\"text-align: left;\" align=\"justify\"><span style=\"font-size: medium;\">Bundesfreiwillige unterst\u00fctzen die Arbeit unserer P\u00e4dagoginnen und P\u00e4dagogen und sind damit auch f\u00fcr unsere Sch\u00fclerinnen und Sch\u00fcler unverzichtbar. In den Grundschulklassen begleiten sie zumeist eine bestimmte Klasse im gesamten Schulalltag, helfen, wo es motorisch und kognitiv n\u00f6tig ist und gestalten gemeinsam mit den Kindern deren freie Zeiten. Au\u00dferdem helfen unsere Bundesfreiwilligen ma\u00dfgeblich beim Schwimmunterricht im hauseigenen Bewegungsbecken bzw. in der Schwimmhalle (vordergr\u00fcndig Hilfe beim Umziehen und Duschen, Einzelaufsicht bestimmter Kinder w\u00e4hrend des Schwimmunterrichts). Im Sportunterricht unterst\u00fctzen Bundesfreiwillige die Sportlehrerinnen und Sportlehrer bei der Vor- und Nachbereitung der Sportstunden (Auf- und Abbau von Ger\u00e4ten etc.) sowie einzelne Kinder bei sportlichen \u00dcbungen (St\u00fctzen, Zureichen von Sportger\u00e4ten etc.). Als zus\u00e4tzliche Begleiter auf Wandertagen und Klassenfahrten sind sie unentbehrlich.<\/span><\/p>\t\t\t\t\t\t\t\t<\/div>\n\t\t\t\t<\/div>\n\t\t\t\t\t<\/div>\n\t\t<\/div>\n\t\t\t\t\t<\/div>\n\t\t<\/section>\n\t\t\t\t<section class=\"elementor-section elementor-top-section elementor-element elementor-element-67aa2b4 elementor-section-stretched elementor-section-boxed elementor-section-height-default elementor-section-height-default\" data-id=\"67aa2b4\" data-element_type=\"section\" data-settings=\"{&quot;stretch_section&quot;:&quot;section-stretched&quot;,&quot;_ha_eqh_enable&quot;:false}\">\n\t\t\t\t\t\t<div class=\"elementor-container elementor-column-gap-default\">\n\t\t\t\t\t<div class=\"elementor-column elementor-col-100 elementor-top-column elementor-element elementor-element-20ae989\" data-id=\"20ae989\" data-element_type=\"column\">\n\t\t\t<div class=\"elementor-widget-wrap elementor-element-populated\">\n\t\t\t\t\t\t<div class=\"elementor-element elementor-element-6a9492a elementor-widget__width-initial elementor-widget elementor-widget-heading\" data-id=\"6a9492a\" data-element_type=\"widget\" data-widget_type=\"heading.default\">\n\t\t\t\t<div class=\"elementor-widget-container\">\n\t\t\t\t\t<h2 class=\"elementor-heading-title elementor-size-default\">Du m\u00f6chtest deinen Bundesfreiwilligendienst an unserer Schule verrichten?<\/h2>\t\t\t\t<\/div>\n\t\t\t\t<\/div>\n\t\t\t\t<div class=\"elementor-element elementor-element-c9eb7e8 elementor-widget-divider--view-line elementor-widget elementor-widget-divider\" data-id=\"c9eb7e8\" data-element_type=\"widget\" data-widget_type=\"divider.default\">\n\t\t\t\t<div class=\"elementor-widget-container\">\n\t\t\t\t\t\t\t<div class=\"elementor-divider\">\n\t\t\t<span class=\"elementor-divider-separator\">\n\t\t\t\t\t\t<\/span>\n\t\t<\/div>\n\t\t\t\t\t\t<\/div>\n\t\t\t\t<\/div>\n\t\t\t\t<section class=\"elementor-section elementor-inner-section elementor-element elementor-element-fb1207f elementor-section-boxed elementor-section-height-default elementor-section-height-default\" data-id=\"fb1207f\" data-element_type=\"section\" data-settings=\"{&quot;_ha_eqh_enable&quot;:false}\">\n\t\t\t\t\t\t<div class=\"elementor-container elementor-column-gap-default\">\n\t\t\t\t\t<div class=\"elementor-column elementor-col-50 elementor-inner-column elementor-element elementor-element-d897f93\" data-id=\"d897f93\" data-element_type=\"column\">\n\t\t\t<div class=\"elementor-widget-wrap elementor-element-populated\">\n\t\t\t\t\t\t<div class=\"elementor-element elementor-element-57d7537 elementor-widget elementor-widget-heading\" data-id=\"57d7537\" data-element_type=\"widget\" data-widget_type=\"heading.default\">\n\t\t\t\t<div class=\"elementor-widget-container\">\n\t\t\t\t\t<h3 class=\"elementor-heading-title elementor-size-default\">Deine Aufgaben<\/h3>\t\t\t\t<\/div>\n\t\t\t\t<\/div>\n\t\t\t\t<div class=\"elementor-element elementor-element-3e95101 elementor-widget elementor-widget-text-editor\" data-id=\"3e95101\" data-element_type=\"widget\" data-widget_type=\"text-editor.default\">\n\t\t\t\t<div class=\"elementor-widget-container\">\n\t\t\t\t\t\t\t\t\t<ul><li><p align=\"justify\"><span style=\"font-size: medium;\">Unterst\u00fctzung der Kinder und Jugendlichen im gesamten Schulalltag, insbesondere Begleitung zum Sport und Schwimmen (Hilfe beim Umziehen und Duschen), Hilfen im Unterricht (motorisch und kognitiv, entsprechend des jeweiligen F\u00f6rderbedarfs) sowie bei allt\u00e4glichen Handlungen (Toiletteng\u00e4nge, Mittagessen usw.)<\/span><\/p><\/li><li><p align=\"justify\"><span style=\"font-size: medium;\">Mitgestaltung der Freizeit der Kinder (sinnvolle Besch\u00e4ftigung drinnen und drau\u00dfen, Unterst\u00fctzung der GTA\/F\u00f6rderzirkel\/AGs)<\/span><\/p><\/li><li><p align=\"justify\"><span style=\"font-size: medium;\">Begleitung bei Exkursionen, Wandertagen und Klassenfahrten<\/span><\/p><\/li><\/ul>\t\t\t\t\t\t\t\t<\/div>\n\t\t\t\t<\/div>\n\t\t\t\t<div class=\"elementor-element elementor-element-f61bce8 elementor-widget elementor-widget-heading\" data-id=\"f61bce8\" data-element_type=\"widget\" data-widget_type=\"heading.default\">\n\t\t\t\t<div class=\"elementor-widget-container\">\n\t\t\t\t\t<h3 class=\"elementor-heading-title elementor-size-default\">Unsere Erwartungen<\/h3>\t\t\t\t<\/div>\n\t\t\t\t<\/div>\n\t\t\t\t<div class=\"elementor-element elementor-element-ca12330 elementor-widget elementor-widget-text-editor\" data-id=\"ca12330\" data-element_type=\"widget\" data-widget_type=\"text-editor.default\">\n\t\t\t\t<div class=\"elementor-widget-container\">\n\t\t\t\t\t\t\t\t\t<ul><li><p align=\"justify\">respektvoller Umgang mit Sch\u00fclerinnen und Sch\u00fclern sowie dem Kollegium<\/p><\/li><li><p align=\"justify\">hohe Einsatzbereitschaft und Zuverl\u00e4ssigkeit bei der Arbeit mit k\u00f6rperlich beeintr\u00e4chtigten Kindern<\/p><\/li><li><p align=\"justify\">Selbstst\u00e4ndigkeit und Teamf\u00e4higkeit innerhalb der Bundesfreiwilligengruppe<\/p><\/li><li><p align=\"justify\">hohes Ma\u00df an Verantwortungsbewusstsein und Eigeninitiative<\/p><\/li><li><p align=\"justify\">Bereitschaft zur Erlangung der \u201eRettungsf\u00e4higkeit\u201c f\u00fcr den Schwimmunterricht<\/p><\/li><li><p align=\"justify\">au\u00dferordentlicher Diensteinsatz (Unterst\u00fctzung bei besonderen Anl\u00e4ssen und kulturellen Veranstaltungen)<\/p><\/li><\/ul>\t\t\t\t\t\t\t\t<\/div>\n\t\t\t\t<\/div>\n\t\t\t\t<div class=\"elementor-element elementor-element-fcaa45a elementor-widget elementor-widget-heading\" data-id=\"fcaa45a\" data-element_type=\"widget\" data-widget_type=\"heading.default\">\n\t\t\t\t<div class=\"elementor-widget-container\">\n\t\t\t\t\t<h3 class=\"elementor-heading-title elementor-size-default\">Das erwartet dich<\/h3>\t\t\t\t<\/div>\n\t\t\t\t<\/div>\n\t\t\t\t<div class=\"elementor-element elementor-element-f5aaab3 elementor-widget elementor-widget-text-editor\" data-id=\"f5aaab3\" data-element_type=\"widget\" data-widget_type=\"text-editor.default\">\n\t\t\t\t<div class=\"elementor-widget-container\">\n\t\t\t\t\t\t\t\t\t<ul><li><p align=\"justify\"><span style=\"font-size: medium;\">angenehmes Arbeitsklima in einem Team aus Lehrkr\u00e4ften und p\u00e4dagogischen Fachkr\u00e4ften<\/span><\/p><\/li><li><p align=\"justify\"><span style=\"font-size: medium;\">eine Gruppe aus mehreren Bundesfreiwilligen<\/span><\/p><\/li><li><p align=\"justify\"><span style=\"font-size: medium;\">geregelte Arbeitszeiten zwischen 7 Uhr (zeitweise Fr\u00fchdienst ab 6.45 Uhr) und 15 Uhr (zeitweise Sp\u00e4tdienst bis 15.15 Uhr)<\/span><\/p><\/li><li><p align=\"justify\"><a name=\"_GoBack\"><\/a> <span style=\"font-size: medium;\">30 Tage Urlaub w\u00e4hrend der Schulferien<\/span><\/p><\/li><li><p align=\"justify\"><span style=\"font-size: medium;\">Ansprechpartnerin vor Ort<\/span><\/p><\/li><li><p align=\"justify\"><span style=\"font-size: medium;\">Teilnahme an allen schulischen Veranstaltungen (Schulfasching, Wandertage etc.)<\/span><\/p><\/li><\/ul>\t\t\t\t\t\t\t\t<\/div>\n\t\t\t\t<\/div>\n\t\t\t\t\t<\/div>\n\t\t<\/div>\n\t\t\t\t<div class=\"elementor-column elementor-col-50 elementor-inner-column elementor-element elementor-element-a6de080\" data-id=\"a6de080\" data-element_type=\"column\" data-settings=\"{&quot;background_background&quot;:&quot;classic&quot;}\">\n\t\t\t<div class=\"elementor-widget-wrap elementor-element-populated\">\n\t\t\t\t\t\t<div class=\"elementor-element elementor-element-8cb6cce elementor-widget elementor-widget-heading\" data-id=\"8cb6cce\" data-element_type=\"widget\" data-widget_type=\"heading.default\">\n\t\t\t\t<div class=\"elementor-widget-container\">\n\t\t\t\t\t<h4 class=\"elementor-heading-title elementor-size-default\">Bewirb dich hier (per Mail oder Post):<\/h4>\t\t\t\t<\/div>\n\t\t\t\t<\/div>\n\t\t\t\t<div class=\"elementor-element elementor-element-f234ba2 elementor-widget__width-initial elementor-widget elementor-widget-text-editor\" data-id=\"f234ba2\" data-element_type=\"widget\" data-widget_type=\"text-editor.default\">\n\t\t\t\t<div class=\"elementor-widget-container\">\n\t\t\t\t\t\t\t\t\t<p style=\"text-align: left;\" align=\"justify\"><span style=\"font-size: medium;\"><strong>Albert-Schweitzer-Schule<\/strong><br \/><strong>F\u00f6rderzentrum der Stadt Leipzig<\/strong> <br \/>mit dem F\u00f6rderschwerpunkt k\u00f6rperliche und motorische Entwicklung <\/span><\/p><p style=\"text-align: left;\" align=\"justify\"><span style=\"font-size: medium;\">An der M\u00e4rchenwiese 3 <br \/>04277 Leipzig<\/span><\/p><p style=\"text-align: left;\" align=\"justify\"><span style=\"font-size: medium;\">Tel.: 0341\/8684011 <br \/>Mail:\u00a0<br \/><\/span><a style=\"font-size: medium; font-family: var( --e-global-typography-text-font-family ), Sans-serif; font-weight: var( --e-global-typography-text-font-weight ); background-color: #eeeeee;\" href=\"mailto:infopost@albert-schweitzer-schu-le.de\" target=\"_blank\" rel=\"noopener\">infopost@albert-schweitzer-schu-le.de<\/a><\/p>\t\t\t\t\t\t\t\t<\/div>\n\t\t\t\t<\/div>\n\t\t\t\t<div class=\"elementor-element elementor-element-a8efbe2 elementor-widget-divider--view-line elementor-widget elementor-widget-divider\" data-id=\"a8efbe2\" data-element_type=\"widget\" data-widget_type=\"divider.default\">\n\t\t\t\t<div class=\"elementor-widget-container\">\n\t\t\t\t\t\t\t<div class=\"elementor-divider\">\n\t\t\t<span class=\"elementor-divider-separator\">\n\t\t\t\t\t\t<\/span>\n\t\t<\/div>\n\t\t\t\t\t\t<\/div>\n\t\t\t\t<\/div>\n\t\t\t\t<div class=\"elementor-element elementor-element-7d06f1e elementor-widget elementor-widget-text-editor\" data-id=\"7d06f1e\" data-element_type=\"widget\" data-widget_type=\"text-editor.default\">\n\t\t\t\t<div class=\"elementor-widget-container\">\n\t\t\t\t\t\t\t\t\t<p align=\"justify\"><span style=\"font-size: medium;\"><strong>Ansprechpartnerin:<\/strong> <br>Frau J\u00fcrse<\/span><\/p>\t\t\t\t\t\t\t\t<\/div>\n\t\t\t\t<\/div>\n\t\t\t\t\t<\/div>\n\t\t<\/div>\n\t\t\t\t\t<\/div>\n\t\t<\/section>\n\t\t\t\t\t<\/div>\n\t\t<\/div>\n\t\t\t\t\t<\/div>\n\t\t<\/section>\n\t\t\t\t<\/div>\n\t\t","protected":false},"excerpt":{"rendered":"<p>&#8222;Leben erhalten, Leben f\u00f6rdern, entwickelbares Leben auf seinen h\u00f6chsten Stand bringen.&#8220; Albert Schweitzer Bundesfreiwilligendienst in der Albert-Schweitzer-Schule Bundesfreiwillige unterst\u00fctzen die &hellip; <\/p>\n","protected":false},"author":1,"featured_media":0,"parent":0,"menu_order":0,"comment_status":"closed","ping_status":"closed","template":"","meta":{"footnotes":"","_links_to":"","_links_to_target":""},"class_list":["post-1478","page","type-page","status-publish","hentry"],"_links":{"self":[{"href":"https:\/\/www.albert-schweitzer-schu-le.de\/wp-neu\/wp-json\/wp\/v2\/pages\/1478","targetHints":{"allow":["GET"]}}],"collection":[{"href":"https:\/\/www.albert-schweitzer-schu-le.de\/wp-neu\/wp-json\/wp\/v2\/pages"}],"about":[{"href":"https:\/\/www.albert-schweitzer-schu-le.de\/wp-neu\/wp-json\/wp\/v2\/types\/page"}],"author":[{"embeddable":true,"href":"https:\/\/www.albert-schweitzer-schu-le.de\/wp-neu\/wp-json\/wp\/v2\/users\/1"}],"replies":[{"embeddable":true,"href":"https:\/\/www.albert-schweitzer-schu-le.de\/wp-neu\/wp-json\/wp\/v2\/comments?post=1478"}],"version-history":[{"count":22,"href":"https:\/\/www.albert-schweitzer-schu-le.de\/wp-neu\/wp-json\/wp\/v2\/pages\/1478\/revisions"}],"predecessor-version":[{"id":2892,"href":"https:\/\/www.albert-schweitzer-schu-le.de\/wp-neu\/wp-json\/wp\/v2\/pages\/1478\/revisions\/2892"}],"wp:attachment":[{"href":"https:\/\/www.albert-schweitzer-schu-le.de\/wp-neu\/wp-json\/wp\/v2\/media?parent=1478"}],"curies":[{"name":"wp","href":"https:\/\/api.w.org\/{rel}","templated":true}]}}