{"id":1474,"date":"2024-11-25T12:19:42","date_gmt":"2024-11-25T11:19:42","guid":{"rendered":"https:\/\/www.albert-schweitzer-schu-le.de\/wp-neu\/?page_id=1474"},"modified":"2025-02-12T10:45:51","modified_gmt":"2025-02-12T09:45:51","slug":"albert-schweitzer","status":"publish","type":"page","link":"https:\/\/www.albert-schweitzer-schu-le.de\/wp-neu\/albert-schweitzer\/","title":{"rendered":"Albert Schweitzer"},"content":{"rendered":"\t\t<div data-elementor-type=\"wp-page\" data-elementor-id=\"1474\" class=\"elementor elementor-1474\" data-elementor-settings=\"{&quot;ha_cmc_init_switcher&quot;:&quot;no&quot;}\">\n\t\t\t\t\t\t<section class=\"elementor-section elementor-top-section elementor-element elementor-element-10e329e elementor-section-height-min-height elementor-section-stretched elementor-section-full_width elementor-section-items-top elementor-section-content-middle elementor-section-height-default\" data-id=\"10e329e\" data-element_type=\"section\" data-settings=\"{&quot;stretch_section&quot;:&quot;section-stretched&quot;,&quot;background_background&quot;:&quot;classic&quot;,&quot;_ha_eqh_enable&quot;:false}\">\n\t\t\t\t\t\t\t<div class=\"elementor-background-overlay\"><\/div>\n\t\t\t\t\t\t\t<div class=\"elementor-container elementor-column-gap-default\">\n\t\t\t\t\t<div class=\"elementor-column elementor-col-100 elementor-top-column elementor-element elementor-element-cf0a95b\" data-id=\"cf0a95b\" data-element_type=\"column\">\n\t\t\t<div class=\"elementor-widget-wrap elementor-element-populated\">\n\t\t\t\t\t\t<div class=\"elementor-element elementor-element-f4bf779 elementor-hidden-mobile ha-has-bg-overlay elementor-widget elementor-widget-heading\" data-id=\"f4bf779\" data-element_type=\"widget\" data-widget_type=\"heading.default\">\n\t\t\t\t<div class=\"elementor-widget-container\">\n\t\t\t\t\t<h4 class=\"elementor-heading-title elementor-size-default\">\"Leben erhalten, Leben f\u00f6rdern,\nentwickelbares Leben\nauf seinen h\u00f6chsten Stand bringen.\" <\/h4>\t\t\t\t<\/div>\n\t\t\t\t<\/div>\n\t\t\t\t<div class=\"elementor-element elementor-element-f1186be elementor-hidden-mobile ha-has-bg-overlay elementor-widget elementor-widget-text-editor\" data-id=\"f1186be\" data-element_type=\"widget\" data-widget_type=\"text-editor.default\">\n\t\t\t\t<div class=\"elementor-widget-container\">\n\t\t\t\t\t\t\t\t\t<p style=\"text-align: center;\">Albert Schweitzer<\/p>\t\t\t\t\t\t\t\t<\/div>\n\t\t\t\t<\/div>\n\t\t\t\t<div class=\"elementor-element elementor-element-e6fec6e elementor-widget elementor-widget-text-editor\" data-id=\"e6fec6e\" data-element_type=\"widget\" data-widget_type=\"text-editor.default\">\n\t\t\t\t<div class=\"elementor-widget-container\">\n\t\t\t\t\t\t\t\t\t<p style=\"text-align: right;\">\u00a9 picture-alliance \/ dpa | dpa inp<\/p>\t\t\t\t\t\t\t\t<\/div>\n\t\t\t\t<\/div>\n\t\t\t\t\t<\/div>\n\t\t<\/div>\n\t\t\t\t\t<\/div>\n\t\t<\/section>\n\t\t\t\t<section class=\"elementor-section elementor-top-section elementor-element elementor-element-1aeb2f8 elementor-section-stretched elementor-section-boxed elementor-section-height-default elementor-section-height-default\" data-id=\"1aeb2f8\" data-element_type=\"section\" data-settings=\"{&quot;stretch_section&quot;:&quot;section-stretched&quot;,&quot;_ha_eqh_enable&quot;:false}\">\n\t\t\t\t\t\t<div class=\"elementor-container elementor-column-gap-default\">\n\t\t\t\t\t<div class=\"elementor-column elementor-col-100 elementor-top-column elementor-element elementor-element-ca8d59e\" data-id=\"ca8d59e\" data-element_type=\"column\">\n\t\t\t<div class=\"elementor-widget-wrap elementor-element-populated\">\n\t\t\t\t\t\t<div class=\"elementor-element elementor-element-7087510 elementor-widget elementor-widget-heading\" data-id=\"7087510\" data-element_type=\"widget\" data-widget_type=\"heading.default\">\n\t\t\t\t<div class=\"elementor-widget-container\">\n\t\t\t\t\t<h1 class=\"elementor-heading-title elementor-size-default\">Albert Schweitzer<\/h1>\t\t\t\t<\/div>\n\t\t\t\t<\/div>\n\t\t\t\t<div class=\"elementor-element elementor-element-a6e5958 elementor-widget-divider--view-line elementor-widget elementor-widget-divider\" data-id=\"a6e5958\" data-element_type=\"widget\" data-widget_type=\"divider.default\">\n\t\t\t\t<div class=\"elementor-widget-container\">\n\t\t\t\t\t\t\t<div class=\"elementor-divider\">\n\t\t\t<span class=\"elementor-divider-separator\">\n\t\t\t\t\t\t<\/span>\n\t\t<\/div>\n\t\t\t\t\t\t<\/div>\n\t\t\t\t<\/div>\n\t\t\t\t<div class=\"elementor-element elementor-element-b09c175 elementor-widget elementor-widget-text-editor\" data-id=\"b09c175\" data-element_type=\"widget\" data-widget_type=\"text-editor.default\">\n\t\t\t\t<div class=\"elementor-widget-container\">\n\t\t\t\t\t\t\t\t\t<p><strong>Albert Schweitzer<\/strong> war ein bedeutender deutscher Arzt, Philosoph und Missionar, der am 14. Januar 1875 in Kayserberg, Elsass, geboren wurde. Seine vielf\u00e4ltigen Beitr\u00e4ge zur humanit\u00e4ren Arbeit und zur Medizin sind bis heute von gro\u00dfer Bedeutung. Am bekanntesten ist er f\u00fcr die Gr\u00fcndung eines Krankenhauses in Lambar\u00e9n\u00e9, Gabun, wo er viele Jahre seines Lebens verbrachte und unz\u00e4hligen Menschen half.<\/p><p>F\u00fcr unsere Schule mit dem F\u00f6rderschwerpunkt k\u00f6rperliche und motorische Entwicklung hat <strong>Albert Schweitzer<\/strong> eine besondere Bedeutung. Seine Lebensphilosophie, die auf dem Prinzip der &#8222;<em><strong>Ehrfurcht vor dem Leben<\/strong><\/em>&#8220; basiert, inspiriert uns, allen Kindern, unabh\u00e4ngig von ihren k\u00f6rperlichen Einschr\u00e4nkungen, Achtung und Wertsch\u00e4tzung entgegenzubringen. Er glaubte daran, dass jedes Leben wertvoll ist und dass es unsere Aufgabe ist, einander zu helfen. Diese Werte leben wir in unserer Schule t\u00e4glich, indem wir ein unterst\u00fctzendes und liebevolles Umfeld schaffen, in dem alle Kinder und Jugendlichen die Chance haben, sich zu entfalten und zu lernen. <strong>Albert Schweitzer<\/strong>s Verm\u00e4chtnis ermutigt uns, Mitgef\u00fchl zu zeigen und die Vielfalt der Lebenswege zu respektieren, die unsere Sch\u00fclerinnen und Sch\u00fcler mitbringen und gehen.<\/p>\t\t\t\t\t\t\t\t<\/div>\n\t\t\t\t<\/div>\n\t\t\t\t\t<\/div>\n\t\t<\/div>\n\t\t\t\t\t<\/div>\n\t\t<\/section>\n\t\t\t\t<section class=\"elementor-section elementor-top-section elementor-element elementor-element-8c6290f elementor-section-boxed elementor-section-height-default elementor-section-height-default\" data-id=\"8c6290f\" data-element_type=\"section\" data-settings=\"{&quot;_ha_eqh_enable&quot;:false}\">\n\t\t\t\t\t\t<div class=\"elementor-container elementor-column-gap-default\">\n\t\t\t\t\t<div class=\"elementor-column elementor-col-100 elementor-top-column elementor-element elementor-element-a34cef7\" data-id=\"a34cef7\" data-element_type=\"column\">\n\t\t\t<div class=\"elementor-widget-wrap elementor-element-populated\">\n\t\t\t\t\t\t<div class=\"elementor-element elementor-element-221f50d elementor-widget-divider--view-line elementor-widget elementor-widget-divider\" data-id=\"221f50d\" data-element_type=\"widget\" data-widget_type=\"divider.default\">\n\t\t\t\t<div class=\"elementor-widget-container\">\n\t\t\t\t\t\t\t<div class=\"elementor-divider\">\n\t\t\t<span class=\"elementor-divider-separator\">\n\t\t\t\t\t\t<\/span>\n\t\t<\/div>\n\t\t\t\t\t\t<\/div>\n\t\t\t\t<\/div>\n\t\t\t\t\t<\/div>\n\t\t<\/div>\n\t\t\t\t\t<\/div>\n\t\t<\/section>\n\t\t\t\t<section class=\"elementor-section elementor-top-section elementor-element elementor-element-99eb744 elementor-section-boxed elementor-section-height-default elementor-section-height-default\" data-id=\"99eb744\" data-element_type=\"section\" data-settings=\"{&quot;_ha_eqh_enable&quot;:false}\">\n\t\t\t\t\t\t<div class=\"elementor-container elementor-column-gap-default\">\n\t\t\t\t\t<div class=\"elementor-column elementor-col-50 elementor-top-column elementor-element elementor-element-0d79e84\" data-id=\"0d79e84\" data-element_type=\"column\">\n\t\t\t<div class=\"elementor-widget-wrap elementor-element-populated\">\n\t\t\t\t\t\t<div class=\"elementor-element elementor-element-6f3cde2 elementor-widget elementor-widget-text-editor\" data-id=\"6f3cde2\" data-element_type=\"widget\" data-widget_type=\"text-editor.default\">\n\t\t\t\t<div class=\"elementor-widget-container\">\n\t\t\t\t\t\t\t\t\t<p style=\"text-align: right;\"><span style=\"color: #808080;\"><strong>Informationen zu Albert Schweitzer in einfacher Sprache:<\/strong><\/span><\/p>\t\t\t\t\t\t\t\t<\/div>\n\t\t\t\t<\/div>\n\t\t\t\t\t<\/div>\n\t\t<\/div>\n\t\t\t\t<div class=\"elementor-column elementor-col-50 elementor-top-column elementor-element elementor-element-03ac8cd\" data-id=\"03ac8cd\" data-element_type=\"column\">\n\t\t\t<div class=\"elementor-widget-wrap elementor-element-populated\">\n\t\t\t\t\t\t<div class=\"elementor-element elementor-element-c246e96 elementor-widget elementor-widget-text-editor\" data-id=\"c246e96\" data-element_type=\"widget\" data-widget_type=\"text-editor.default\">\n\t\t\t\t<div class=\"elementor-widget-container\">\n\t\t\t\t\t\t\t\t\t<p><strong>Albert Schweitzer<\/strong> war ein wichtiger Mensch. Er wurde am 14. Januar 1875 in Kayserberg, im Elsass, geboren. Schweitzer war Arzt, Philosoph und Missionar. Er ist bekannt daf\u00fcr, dass er ein Krankenhaus in Lambar\u00e9n\u00e9, Gabun, gegr\u00fcndet hat, wo er vielen Menschen geholfen hat.<\/p><p>F\u00fcr unsere Schule f\u00fcr k\u00f6rperbehinderte Kinder ist <strong>Albert Schweitzer<\/strong> besonders wichtig. Er hatte die Idee, dass wir das Leben respektieren sollten. Das bedeutet, dass jedes Leben wertvoll ist. Er glaubte, dass es unsere Aufgabe ist, anderen zu helfen.<\/p><p>In unserer Schule versuchen wir, das zu leben. Wir geben allen Kindern, egal wie ihre K\u00f6rper sind, Liebe und Unterst\u00fctzung. Wir wollen, dass jedes Kind die Chance hat, zu lernen und sich zu entwickeln. <strong>Albert Schweitzer<\/strong>s Ideen helfen uns, freundlich zu sein und die Unterschiede zwischen den Kindern zu achten.<\/p>\t\t\t\t\t\t\t\t<\/div>\n\t\t\t\t<\/div>\n\t\t\t\t\t<\/div>\n\t\t<\/div>\n\t\t\t\t\t<\/div>\n\t\t<\/section>\n\t\t\t\t<\/div>\n\t\t","protected":false},"excerpt":{"rendered":"<p>&#8222;Leben erhalten, Leben f\u00f6rdern, entwickelbares Leben auf seinen h\u00f6chsten Stand bringen.&#8220; Albert Schweitzer \u00a9 picture-alliance \/ dpa | dpa inp &hellip; <\/p>\n","protected":false},"author":1,"featured_media":0,"parent":0,"menu_order":0,"comment_status":"closed","ping_status":"closed","template":"elementor_header_footer","meta":{"footnotes":"","_links_to":"","_links_to_target":""},"class_list":["post-1474","page","type-page","status-publish","hentry"],"_links":{"self":[{"href":"https:\/\/www.albert-schweitzer-schu-le.de\/wp-neu\/wp-json\/wp\/v2\/pages\/1474","targetHints":{"allow":["GET"]}}],"collection":[{"href":"https:\/\/www.albert-schweitzer-schu-le.de\/wp-neu\/wp-json\/wp\/v2\/pages"}],"about":[{"href":"https:\/\/www.albert-schweitzer-schu-le.de\/wp-neu\/wp-json\/wp\/v2\/types\/page"}],"author":[{"embeddable":true,"href":"https:\/\/www.albert-schweitzer-schu-le.de\/wp-neu\/wp-json\/wp\/v2\/users\/1"}],"replies":[{"embeddable":true,"href":"https:\/\/www.albert-schweitzer-schu-le.de\/wp-neu\/wp-json\/wp\/v2\/comments?post=1474"}],"version-history":[{"count":22,"href":"https:\/\/www.albert-schweitzer-schu-le.de\/wp-neu\/wp-json\/wp\/v2\/pages\/1474\/revisions"}],"predecessor-version":[{"id":2822,"href":"https:\/\/www.albert-schweitzer-schu-le.de\/wp-neu\/wp-json\/wp\/v2\/pages\/1474\/revisions\/2822"}],"wp:attachment":[{"href":"https:\/\/www.albert-schweitzer-schu-le.de\/wp-neu\/wp-json\/wp\/v2\/media?parent=1474"}],"curies":[{"name":"wp","href":"https:\/\/api.w.org\/{rel}","templated":true}]}}